{"id":7,"date":"2021-09-26T17:52:21","date_gmt":"2021-09-26T15:52:21","guid":{"rendered":"http:\/\/nadinejacobi.de\/wordpress\/?page_id=7"},"modified":"2025-08-24T17:10:01","modified_gmt":"2025-08-24T15:10:01","slug":"7-2","status":"publish","type":"page","link":"https:\/\/nadinejacobi.de\/wordpress\/","title":{"rendered":"Startseite"},"content":{"rendered":"\t\t<div data-elementor-type=\"wp-page\" data-elementor-id=\"7\" class=\"elementor elementor-7\" data-elementor-settings=\"[]\">\n\t\t\t\t\t\t\t<div class=\"elementor-section-wrap\">\n\t\t\t\t\t\t\t<section class=\"elementor-section elementor-top-section elementor-element elementor-element-2b69ce10 elementor-section-boxed elementor-section-height-default elementor-section-height-default\" data-id=\"2b69ce10\" data-element_type=\"section\">\n\t\t\t\t\t\t<div class=\"elementor-container elementor-column-gap-default\">\n\t\t\t\t\t<div class=\"elementor-column elementor-col-100 elementor-top-column elementor-element elementor-element-44697fff\" data-id=\"44697fff\" data-element_type=\"column\">\n\t\t\t<div class=\"elementor-widget-wrap elementor-element-populated\">\n\t\t\t\t\t\t\t\t<div class=\"elementor-element elementor-element-315df466 elementor-widget elementor-widget-text-editor\" data-id=\"315df466\" data-element_type=\"widget\" data-widget_type=\"text-editor.default\">\n\t\t\t\t<div class=\"elementor-widget-container\">\n\t\t\t\t\t\t\t<p><img decoding=\"async\" loading=\"lazy\" class=\"alignnone size-medium wp-image-570\" src=\"http:\/\/nadinejacobi.de\/wordpress\/wp-content\/uploads\/2025\/08\/IMG_0075-1-300x225.jpeg\" alt=\"\" width=\"300\" height=\"225\" srcset=\"https:\/\/nadinejacobi.de\/wordpress\/wp-content\/uploads\/2025\/08\/IMG_0075-1-300x225.jpeg 300w, https:\/\/nadinejacobi.de\/wordpress\/wp-content\/uploads\/2025\/08\/IMG_0075-1-1024x768.jpeg 1024w, https:\/\/nadinejacobi.de\/wordpress\/wp-content\/uploads\/2025\/08\/IMG_0075-1-768x576.jpeg 768w, https:\/\/nadinejacobi.de\/wordpress\/wp-content\/uploads\/2025\/08\/IMG_0075-1-1536x1152.jpeg 1536w, https:\/\/nadinejacobi.de\/wordpress\/wp-content\/uploads\/2025\/08\/IMG_0075-1-2048x1536.jpeg 2048w\" sizes=\"(max-width: 300px) 100vw, 300px\" \/><\/p>\n<p><\/p>\n<p><strong style=\"font-family: Roboto, sans-serif; font-size: 15px; font-style: normal; font-variant-caps: normal;\">Residency im Jenaer Kunstverein<\/strong><\/p>\n<p><strong>Abschlusspr\u00e4sentation: Latenz &#8211; zwischen Verborgensein und Sichtbarkeit&nbsp;<\/strong><\/p>\n<p><strong style=\"font-family: Roboto, sans-serif; font-size: 15px; font-style: normal; font-variant-caps: normal;\">28.08.2025, 18 Uhr<\/strong><\/p>\n<p><strong style=\"font-family: Roboto, sans-serif; font-size: 15px; font-style: normal; font-variant-caps: normal;\">im Jenaer Kunstverein<\/strong><\/p>\n<p><a href=\"https:\/\/www.jenaer-kunstverein.de\/category\/artist-residency\/\">https:\/\/www.jenaer-kunstverein.de\/category\/artist-residency\/<\/a><strong style=\"font-family: Roboto, sans-serif; font-size: 15px; font-style: normal; font-variant-caps: normal;\"><br><\/strong><\/p><p><br><\/p>\n<p><\/p>\n<p><strong style=\"font-family: Roboto, sans-serif; font-size: 15px; font-style: normal; font-variant-caps: normal;\">&nbsp;<\/strong><strong style=\"font-family: Roboto, sans-serif; font-size: 15px; font-style: normal; font-variant-caps: normal;\">&#8212;&#8212;&#8212;&#8212;&#8212;&#8212;&#8212;&#8212;&#8212;&#8212;&#8212;&#8212;&#8212;&#8212;&#8212;&#8212;&#8212;&#8212;&#8212;&#8212;&#8212;&#8212;&#8212;&#8212;<\/strong><\/p>\n<p><strong style=\"font-family: Roboto, sans-serif; font-size: 15px; font-style: normal; font-variant-caps: normal;\">Ausstellung:<\/strong><\/p>\n<p><strong style=\"font-family: Roboto, sans-serif; font-size: 15px; font-style: normal; font-variant-caps: normal;\">&#8220;Zeitbr\u00fccken &#8211; Br\u00fcckenzeit&#8221;<\/strong><\/p>\n<p><b>Er\u00f6ffnung: 2. Juni 2025, 18 Uhr, Haus zum&nbsp;Bunten L\u00f6wen, Erfurt<\/b><\/p>\n<p><b>&nbsp;<\/b><\/p>\n<p><strong style=\"font-variant-caps: normal; font-family: Roboto, sans-serif; font-size: 15px; font-style: normal;\">&#8212;&#8212;&#8212;&#8212;&#8212;&#8212;&#8212;&#8212;&#8212;&#8212;&#8212;&#8212;&#8212;&#8212;&#8212;&#8212;&#8212;&#8212;&#8212;&#8212;&#8212;&#8212;&#8212;&#8212;<\/strong><\/p>\n<p><strong style=\"font-family: Roboto, sans-serif; font-size: 15px; font-style: normal; font-variant-caps: normal;\">&nbsp;<\/strong><\/p>\n<p><strong style=\"font-family: Roboto, sans-serif; font-size: 15px; font-style: normal; font-variant-caps: normal;\"><img decoding=\"async\" loading=\"lazy\" src=\"http:\/\/nadinejacobi.de\/wordpress\/wp-content\/uploads\/2023\/06\/351758881_2557132584435022_3246391291522648904_n-240x300.jpg\" alt=\"\" width=\"240\" height=\"300\"><\/strong><\/p>\n<p><strong style=\"font-family: Roboto, sans-serif; font-size: 15px; font-style: normal; font-variant-caps: normal;\">Aktuelle Ausstellung:<\/strong><strong>&nbsp;<\/strong><\/p>\n<p><span style=\"caret-color: #050505; color: #050505; font-family: system-ui, -apple-system, BlinkMacSystemFont, '.SFNSText-Regular', sans-serif; font-size: 15px; font-style: normal; font-variant-caps: normal;\">Ausstellung des Verband Bildender K\u00fcnstler Th\u00fcringen e.V. (VBKTh) in den Dornburger Schl\u00f6sser und G\u00e4rten<\/span><\/p>\n<p><span style=\"caret-color: #050505; color: #050505; font-family: system-ui, -apple-system, BlinkMacSystemFont, '.SFNSText-Regular', sans-serif; font-size: 15px; font-style: normal; font-variant-caps: normal;\">28. Mai &#8211; 6. August 2023<\/span><\/p>\n<p><strong style=\"font-size: 15px;\">Dornburger Schl\u00f6sser und G\u00e4rten&nbsp;<\/strong><\/p>\n<p><strong>&nbsp;<\/strong><\/p>\n<p><strong>&#8212;&#8212;&#8212;&#8212;&#8212;&#8212;&#8212;&#8212;&#8212;&#8212;&#8212;&#8212;&#8212;&#8212;&#8212;&#8212;&#8212;&#8212;&#8212;&#8212;&#8212;&#8212;&#8212;&#8212;<\/strong><\/p>\n<p><strong>&nbsp;<\/strong><\/p>\n<p><strong>Aktuelle Ausstellung:<\/strong><\/p>\n<div>\n<div dir=\"auto\">17. Februar \u2013 2. April 2023<\/div>\n<div dir=\"auto\">Er\u00f6ffnung: 16. Februar, 17 Uhr<\/div>\n<div dir=\"auto\">KunstForum Hannah H\u00f6ch Gotha, ge\u00f6ffnet: Di &#8211; So, 10 &#8211; 17 Uhr<\/div>\n<div dir=\"auto\">&nbsp;<\/div>\n<\/div>\n<div>\n<div dir=\"auto\">Eine Mitgliederausstellung des Verbandes Bildender K\u00fcnstler Th\u00fcringen e.V. in der Reihe WERT DER KREATIVIT\u00c4T<\/div>\n<div dir=\"auto\">&nbsp;<\/div>\n<\/div>\n<div>\n<div dir=\"auto\"><a tabindex=\"0\" role=\"link\" href=\"https:\/\/www.kultourstadt.de\/kunstforum\/kunsttandem\/?fbclid=IwAR1VkMdUANyYvIYavUOW-mlSh8tIVyLYAqxRVnLdO5-O8wEZ5IbpLf2kmiE\" target=\"_blank\" rel=\"nofollow noopener\">https:\/\/www.kultourstadt.de\/kunstforum\/kunsttandem\/<\/a><\/div>\n<\/div>\n<div dir=\"auto\">&nbsp;<\/div>\n<div dir=\"auto\">&nbsp;<\/div>\n<div dir=\"auto\">&nbsp;<\/div>\n<p><img decoding=\"async\" loading=\"lazy\" src=\"http:\/\/nadinejacobi.de\/wordpress\/wp-content\/uploads\/2023\/02\/Website-Anzeige-640x507px-300x238.jpg\" alt=\"\" width=\"300\" height=\"238\"><\/p>\n<hr>\n<div dir=\"auto\">&nbsp;<strong style=\"font-family: Roboto, sans-serif; font-size: 15px; font-style: normal; font-variant-caps: normal; caret-color: #888888; color: #888888;\">&#8212;&#8212;&#8212;&#8212;&#8212;&#8212;&#8212;&#8212;&#8212;&#8212;&#8212;&#8212;&#8212;&#8212;&#8212;&#8212;&#8212;&#8212;&#8212;&#8212;&#8212;&#8212;&#8212;&#8212;<\/strong><\/div>\n<p><\/p>\n<div dir=\"auto\"><strong>artthuer \u2013 Kunstmesse Th\u00fcringen<\/strong><\/div>\n<div dir=\"auto\">4. bis 6. November 2022 | Messe Erfurt<\/div>\n<p>Standnummer 67: Nadine Jacobi \/ Claudia Rieck<\/p>\n<p><img decoding=\"async\" loading=\"lazy\" src=\"http:\/\/nadinejacobi.de\/wordpress\/wp-content\/uploads\/2023\/02\/313401293_10219610260041883_9222773068664269791_n-1-300x169.jpg\" alt=\"\" width=\"300\" height=\"169\"><\/p>\n<p><\/p>\n<p><strong style=\"font-family: Roboto, sans-serif; font-variant-caps: normal; font-size: 15px; font-style: normal;\">&#8212;&#8212;&#8212;&#8212;&#8212;&#8212;&#8212;&#8212;&#8212;&#8212;&#8212;&#8212;&#8212;&#8212;&#8212;&#8212;&#8212;&#8212;&#8212;&#8212;&#8212;&#8212;&#8212;&#8212;<\/strong><\/p>\n<p><\/p>\n<hr>\n<p><img decoding=\"async\" loading=\"lazy\" src=\"http:\/\/nadinejacobi.de\/wordpress\/wp-content\/uploads\/2021\/10\/20210724_120802_HDR_klein.jpg\" alt=\"\" width=\"1920\" height=\"1080\"><\/p>\t\t\t\t\t\t<\/div>\n\t\t\t\t<\/div>\n\t\t\t\t\t<\/div>\n\t\t<\/div>\n\t\t\t\t\t\t\t<\/div>\n\t\t<\/section>\n\t\t\t\t\t\t<\/div>\n\t\t\t\t\t<\/div>\n\t\t","protected":false},"excerpt":{"rendered":"<p>Residency im Jenaer Kunstverein Abschlusspr\u00e4sentation: Latenz &#8211; zwischen Verborgensein und Sichtbarkeit&nbsp; 28.08.2025, 18 Uhr im Jenaer Kunstverein https:\/\/www.jenaer-kunstverein.de\/category\/artist-residency\/ &nbsp;&#8212;&#8212;&#8212;&#8212;&#8212;&#8212;&#8212;&#8212;&#8212;&#8212;&#8212;&#8212;&#8212;&#8212;&#8212;&#8212;&#8212;&#8212;&#8212;&#8212;&#8212;&#8212;&#8212;&#8212; Ausstellung: &#8220;Zeitbr\u00fccken &#8211; Br\u00fcckenzeit&#8221; Er\u00f6ffnung: 2. Juni 2025, 18 Uhr, Haus zum&nbsp;Bunten L\u00f6wen, Erfurt &nbsp; &#8212;&#8212;&#8212;&#8212;&#8212;&#8212;&#8212;&#8212;&#8212;&#8212;&#8212;&#8212;&#8212;&#8212;&#8212;&#8212;&#8212;&#8212;&#8212;&#8212;&#8212;&#8212;&#8212;&#8212; &nbsp; Aktuelle Ausstellung:&nbsp; Ausstellung des<\/p>\n","protected":false},"author":1,"featured_media":0,"parent":0,"menu_order":0,"comment_status":"closed","ping_status":"closed","template":"","meta":[],"_links":{"self":[{"href":"https:\/\/nadinejacobi.de\/wordpress\/wp-json\/wp\/v2\/pages\/7"}],"collection":[{"href":"https:\/\/nadinejacobi.de\/wordpress\/wp-json\/wp\/v2\/pages"}],"about":[{"href":"https:\/\/nadinejacobi.de\/wordpress\/wp-json\/wp\/v2\/types\/page"}],"author":[{"embeddable":true,"href":"https:\/\/nadinejacobi.de\/wordpress\/wp-json\/wp\/v2\/users\/1"}],"replies":[{"embeddable":true,"href":"https:\/\/nadinejacobi.de\/wordpress\/wp-json\/wp\/v2\/comments?post=7"}],"version-history":[{"count":24,"href":"https:\/\/nadinejacobi.de\/wordpress\/wp-json\/wp\/v2\/pages\/7\/revisions"}],"predecessor-version":[{"id":573,"href":"https:\/\/nadinejacobi.de\/wordpress\/wp-json\/wp\/v2\/pages\/7\/revisions\/573"}],"wp:attachment":[{"href":"https:\/\/nadinejacobi.de\/wordpress\/wp-json\/wp\/v2\/media?parent=7"}],"curies":[{"name":"wp","href":"https:\/\/api.w.org\/{rel}","templated":true}]}}