{"id":382,"date":"2021-10-31T21:00:08","date_gmt":"2021-10-31T20:00:08","guid":{"rendered":"https:\/\/nadinejacobi.de\/wordpress\/?page_id=382"},"modified":"2021-10-31T21:20:43","modified_gmt":"2021-10-31T20:20:43","slug":"lebensnah-und-lebensfern","status":"publish","type":"page","link":"https:\/\/nadinejacobi.de\/wordpress\/projekte\/lebensnah-und-lebensfern\/","title":{"rendered":"Lebensnah und Lebensfern"},"content":{"rendered":"\t\t<div data-elementor-type=\"wp-page\" data-elementor-id=\"382\" class=\"elementor elementor-382\" data-elementor-settings=\"[]\">\n\t\t\t\t\t\t\t<div class=\"elementor-section-wrap\">\n\t\t\t\t\t\t\t<section class=\"elementor-section elementor-top-section elementor-element elementor-element-56b50068 elementor-section-boxed elementor-section-height-default elementor-section-height-default\" data-id=\"56b50068\" data-element_type=\"section\">\n\t\t\t\t\t\t<div class=\"elementor-container elementor-column-gap-default\">\n\t\t\t\t\t<div class=\"elementor-column elementor-col-50 elementor-top-column elementor-element elementor-element-766b521f\" data-id=\"766b521f\" data-element_type=\"column\">\n\t\t\t<div class=\"elementor-widget-wrap elementor-element-populated\">\n\t\t\t\t\t\t\t\t<div class=\"elementor-element elementor-element-28f9cf56 elementor-widget elementor-widget-text-editor\" data-id=\"28f9cf56\" data-element_type=\"widget\" data-widget_type=\"text-editor.default\">\n\t\t\t\t<div class=\"elementor-widget-container\">\n\t\t\t\t\t\t\t<p>Ein Projekt der K\u00fcnstlerischen Abendschule Jena e. V., Konzeption und Organisation: Nadine Jacobi.<\/p><p>In Zusammenarbeit mit: Evangelische Erwachsenenbildung Th\u00fcringen, Jugendzentrum Saline Bad Sulza, Freie B\u00fchne Jena e. V. und K\u00fcnstlern der Region.<\/p>\t\t\t\t\t\t<\/div>\n\t\t\t\t<\/div>\n\t\t\t\t<div class=\"elementor-element elementor-element-259b0a9e elementor-widget-divider--view-line elementor-widget elementor-widget-divider\" data-id=\"259b0a9e\" data-element_type=\"widget\" data-widget_type=\"divider.default\">\n\t\t\t\t<div class=\"elementor-widget-container\">\n\t\t\t\t\t<div class=\"elementor-divider\">\n\t\t\t<span class=\"elementor-divider-separator\">\n\t\t\t\t\t\t<\/span>\n\t\t<\/div>\n\t\t\t\t<\/div>\n\t\t\t\t<\/div>\n\t\t\t\t<div class=\"elementor-element elementor-element-5c95cf0e elementor-widget elementor-widget-text-editor\" data-id=\"5c95cf0e\" data-element_type=\"widget\" data-widget_type=\"text-editor.default\">\n\t\t\t\t<div class=\"elementor-widget-container\">\n\t\t\t\t\t\t\t<p>\u00a0<\/p><p>W\u00fcnsche, Tr\u00e4ume, Ziele und Vorstellungen sind individuell. Dennoch gibt es Vorstellungen von einem guten Leben, die viele Menschen teilen, egal welcher Generation oder kulturellen Pr\u00e4gung sie angeh\u00f6ren.\u00a0<\/p><p>In verschiedenen Workshops wurden mittels unterschiedlicher k\u00fcnstlerischer Medien Tr\u00e4ume und W\u00fcnsche, \u00c4ngste und Bef\u00fcrchtungen untersucht.\u00a0<\/p><p>Die Workshops waren generations\u00fcbergreifend. Unterschiedliche kulturelle Pr\u00e4gungen und die Auseinandersetzung mit den eigenen Lebensvorstellungen tauschten wir intensiv aus. So konnten die Teilnehmer durch ihre individuellen Erfahrungen voneinander profitieren und \u201efremde\u201c Eindr\u00fccke mit den eigenen vergleichen und in Beziehung setzen. Manche Erfahrungen erscheinen lebensfremd, bezogen auf das eigene Leben und dennoch k\u00f6nnen sie wertvolle Hinweise f\u00fcr das eigene Gestalten des Lebens darstellen. Das Entdecken von Gemeinsamkeiten und das Interesse f\u00fcr die Unterschiede m\u00f6chten wir st\u00e4rken und den Austausch der Generationen \u00fcber lebensnahe und lebensferne Vorstellungen von der eigenen Zukunft \u00fcber den Weg der Kunst in Bewegung bringen.\u00a0<\/p><p>.<\/p><p>\u00a0<\/p><p><span style=\"text-decoration: underline;\">Workshops mit K\u00fcnstlern der Region\u00a0<\/span><\/p><p>Fotografie: Andr\u00e9 Helbig<\/p><p>Druckgrafik: Katrin K\u00f6nig<\/p><p>Die 5 Lebenszyklen: Anne Schwing<\/p><p>Biografische Bildgeschichten: Nadine Jacobi, Elisabeth Meitz-Spielmann<\/p>\t\t\t\t\t\t<\/div>\n\t\t\t\t<\/div>\n\t\t\t\t\t<\/div>\n\t\t<\/div>\n\t\t\t\t<div class=\"elementor-column elementor-col-50 elementor-top-column elementor-element elementor-element-7405a3cd\" data-id=\"7405a3cd\" data-element_type=\"column\">\n\t\t\t<div class=\"elementor-widget-wrap elementor-element-populated\">\n\t\t\t\t\t\t\t\t<div class=\"elementor-element elementor-element-73851fc elementor-widget elementor-widget-image\" data-id=\"73851fc\" data-element_type=\"widget\" data-widget_type=\"image.default\">\n\t\t\t\t<div class=\"elementor-widget-container\">\n\t\t\t\t\t\t\t\t\t\t\t\t\t\t\t<img decoding=\"async\" width=\"960\" height=\"720\" src=\"https:\/\/nadinejacobi.de\/wordpress\/wp-content\/uploads\/2021\/10\/68367743_424599821484068_7318920766861344768_n.jpg\" class=\"attachment-full size-full\" alt=\"\" loading=\"lazy\" srcset=\"https:\/\/nadinejacobi.de\/wordpress\/wp-content\/uploads\/2021\/10\/68367743_424599821484068_7318920766861344768_n.jpg 960w, https:\/\/nadinejacobi.de\/wordpress\/wp-content\/uploads\/2021\/10\/68367743_424599821484068_7318920766861344768_n-300x225.jpg 300w, https:\/\/nadinejacobi.de\/wordpress\/wp-content\/uploads\/2021\/10\/68367743_424599821484068_7318920766861344768_n-768x576.jpg 768w\" sizes=\"(max-width: 960px) 100vw, 960px\" \/>\t\t\t\t\t\t\t\t\t\t\t\t\t\t\t<\/div>\n\t\t\t\t<\/div>\n\t\t\t\t<div class=\"elementor-element elementor-element-118f0a3 elementor-widget elementor-widget-text-editor\" data-id=\"118f0a3\" data-element_type=\"widget\" data-widget_type=\"text-editor.default\">\n\t\t\t\t<div class=\"elementor-widget-container\">\n\t\t\t\t\t\t\t\t\t\t\t\t\t<\/div>\n\t\t\t\t<\/div>\n\t\t\t\t\t<\/div>\n\t\t<\/div>\n\t\t\t\t\t\t\t<\/div>\n\t\t<\/section>\n\t\t\t\t<section class=\"elementor-section elementor-top-section elementor-element elementor-element-2d1cc4e elementor-section-boxed elementor-section-height-default elementor-section-height-default\" data-id=\"2d1cc4e\" data-element_type=\"section\">\n\t\t\t\t\t\t<div class=\"elementor-container elementor-column-gap-default\">\n\t\t\t\t\t<div class=\"elementor-column elementor-col-100 elementor-top-column elementor-element elementor-element-fbf105f\" data-id=\"fbf105f\" data-element_type=\"column\">\n\t\t\t<div class=\"elementor-widget-wrap elementor-element-populated\">\n\t\t\t\t\t\t\t\t<div class=\"elementor-element elementor-element-5c8dc91 elementor-widget elementor-widget-text-editor\" data-id=\"5c8dc91\" data-element_type=\"widget\" data-widget_type=\"text-editor.default\">\n\t\t\t\t<div class=\"elementor-widget-container\">\n\t\t\t\t\t\t\t<p>Wir danken f\u00fcr die Unterst\u00fctzung zur F\u00f6rderung freischaffender K\u00fcnstler in Th\u00fcringen.\u00a0<\/p><p>Gef\u00f6rdert durch: Th\u00fcringer Staatskanzlei<\/p>\t\t\t\t\t\t<\/div>\n\t\t\t\t<\/div>\n\t\t\t\t\t<\/div>\n\t\t<\/div>\n\t\t\t\t\t\t\t<\/div>\n\t\t<\/section>\n\t\t\t\t<section class=\"elementor-section elementor-top-section elementor-element elementor-element-81c297d elementor-section-boxed elementor-section-height-default elementor-section-height-default\" data-id=\"81c297d\" data-element_type=\"section\">\n\t\t\t\t\t\t<div class=\"elementor-container elementor-column-gap-default\">\n\t\t\t\t\t<div class=\"elementor-column elementor-col-100 elementor-top-column elementor-element elementor-element-9e944c4\" data-id=\"9e944c4\" data-element_type=\"column\">\n\t\t\t<div class=\"elementor-widget-wrap elementor-element-populated\">\n\t\t\t\t\t\t\t\t<div class=\"elementor-element elementor-element-de74438 elementor-widget elementor-widget-image-gallery\" data-id=\"de74438\" data-element_type=\"widget\" data-widget_type=\"image-gallery.default\">\n\t\t\t\t<div class=\"elementor-widget-container\">\n\t\t\t\t\t<div class=\"elementor-image-gallery\">\n\t\t\t<div id='gallery-1' class='gallery galleryid-382 gallery-columns-6 gallery-size-thumbnail'><figure class='gallery-item'>\n\t\t\t<div class='gallery-icon portrait'>\n\t\t\t\t<a data-elementor-open-lightbox=\"yes\" data-elementor-lightbox-slideshow=\"de74438\" data-elementor-lightbox-title=\"_K5A9056_monitor\" href='https:\/\/nadinejacobi.de\/wordpress\/wp-content\/uploads\/2021\/10\/K5A9056_monitor.jpg'><img width=\"150\" height=\"150\" src=\"https:\/\/nadinejacobi.de\/wordpress\/wp-content\/uploads\/2021\/10\/K5A9056_monitor-150x150.jpg\" class=\"attachment-thumbnail size-thumbnail\" alt=\"\" decoding=\"async\" loading=\"lazy\" srcset=\"https:\/\/nadinejacobi.de\/wordpress\/wp-content\/uploads\/2021\/10\/K5A9056_monitor-150x150.jpg 150w, https:\/\/nadinejacobi.de\/wordpress\/wp-content\/uploads\/2021\/10\/K5A9056_monitor-230x230.jpg 230w, https:\/\/nadinejacobi.de\/wordpress\/wp-content\/uploads\/2021\/10\/K5A9056_monitor-330x330.jpg 330w\" sizes=\"(max-width: 150px) 100vw, 150px\" \/><\/a>\n\t\t\t<\/div><\/figure><figure class='gallery-item'>\n\t\t\t<div class='gallery-icon portrait'>\n\t\t\t\t<a data-elementor-open-lightbox=\"yes\" data-elementor-lightbox-slideshow=\"de74438\" data-elementor-lightbox-title=\"_K5A9068_monitor\" href='https:\/\/nadinejacobi.de\/wordpress\/wp-content\/uploads\/2021\/10\/K5A9068_monitor.jpg'><img width=\"150\" height=\"150\" src=\"https:\/\/nadinejacobi.de\/wordpress\/wp-content\/uploads\/2021\/10\/K5A9068_monitor-150x150.jpg\" class=\"attachment-thumbnail size-thumbnail\" alt=\"\" decoding=\"async\" loading=\"lazy\" srcset=\"https:\/\/nadinejacobi.de\/wordpress\/wp-content\/uploads\/2021\/10\/K5A9068_monitor-150x150.jpg 150w, https:\/\/nadinejacobi.de\/wordpress\/wp-content\/uploads\/2021\/10\/K5A9068_monitor-230x230.jpg 230w, https:\/\/nadinejacobi.de\/wordpress\/wp-content\/uploads\/2021\/10\/K5A9068_monitor-330x330.jpg 330w\" sizes=\"(max-width: 150px) 100vw, 150px\" \/><\/a>\n\t\t\t<\/div><\/figure><figure class='gallery-item'>\n\t\t\t<div class='gallery-icon portrait'>\n\t\t\t\t<a data-elementor-open-lightbox=\"yes\" data-elementor-lightbox-slideshow=\"de74438\" data-elementor-lightbox-title=\"_K5A9094_monitor\" href='https:\/\/nadinejacobi.de\/wordpress\/wp-content\/uploads\/2021\/10\/K5A9094_monitor.jpg'><img width=\"150\" height=\"150\" src=\"https:\/\/nadinejacobi.de\/wordpress\/wp-content\/uploads\/2021\/10\/K5A9094_monitor-150x150.jpg\" class=\"attachment-thumbnail size-thumbnail\" alt=\"\" decoding=\"async\" loading=\"lazy\" srcset=\"https:\/\/nadinejacobi.de\/wordpress\/wp-content\/uploads\/2021\/10\/K5A9094_monitor-150x150.jpg 150w, https:\/\/nadinejacobi.de\/wordpress\/wp-content\/uploads\/2021\/10\/K5A9094_monitor-230x230.jpg 230w, https:\/\/nadinejacobi.de\/wordpress\/wp-content\/uploads\/2021\/10\/K5A9094_monitor-330x330.jpg 330w\" sizes=\"(max-width: 150px) 100vw, 150px\" \/><\/a>\n\t\t\t<\/div><\/figure><figure class='gallery-item'>\n\t\t\t<div class='gallery-icon landscape'>\n\t\t\t\t<a data-elementor-open-lightbox=\"yes\" data-elementor-lightbox-slideshow=\"de74438\" data-elementor-lightbox-title=\"_K5A9114_monitor\" href='https:\/\/nadinejacobi.de\/wordpress\/wp-content\/uploads\/2021\/10\/K5A9114_monitor.jpg'><img width=\"150\" height=\"150\" src=\"https:\/\/nadinejacobi.de\/wordpress\/wp-content\/uploads\/2021\/10\/K5A9114_monitor-150x150.jpg\" class=\"attachment-thumbnail size-thumbnail\" alt=\"\" decoding=\"async\" loading=\"lazy\" srcset=\"https:\/\/nadinejacobi.de\/wordpress\/wp-content\/uploads\/2021\/10\/K5A9114_monitor-150x150.jpg 150w, https:\/\/nadinejacobi.de\/wordpress\/wp-content\/uploads\/2021\/10\/K5A9114_monitor-230x230.jpg 230w, https:\/\/nadinejacobi.de\/wordpress\/wp-content\/uploads\/2021\/10\/K5A9114_monitor-330x330.jpg 330w\" sizes=\"(max-width: 150px) 100vw, 150px\" \/><\/a>\n\t\t\t<\/div><\/figure><figure class='gallery-item'>\n\t\t\t<div class='gallery-icon landscape'>\n\t\t\t\t<a data-elementor-open-lightbox=\"yes\" data-elementor-lightbox-slideshow=\"de74438\" data-elementor-lightbox-title=\"20190924_083549\" href='https:\/\/nadinejacobi.de\/wordpress\/wp-content\/uploads\/2021\/10\/20190924_083549.jpg'><img width=\"150\" height=\"150\" src=\"https:\/\/nadinejacobi.de\/wordpress\/wp-content\/uploads\/2021\/10\/20190924_083549-150x150.jpg\" class=\"attachment-thumbnail size-thumbnail\" alt=\"\" decoding=\"async\" loading=\"lazy\" srcset=\"https:\/\/nadinejacobi.de\/wordpress\/wp-content\/uploads\/2021\/10\/20190924_083549-150x150.jpg 150w, https:\/\/nadinejacobi.de\/wordpress\/wp-content\/uploads\/2021\/10\/20190924_083549-230x230.jpg 230w, https:\/\/nadinejacobi.de\/wordpress\/wp-content\/uploads\/2021\/10\/20190924_083549-330x330.jpg 330w\" sizes=\"(max-width: 150px) 100vw, 150px\" \/><\/a>\n\t\t\t<\/div><\/figure><figure class='gallery-item'>\n\t\t\t<div class='gallery-icon portrait'>\n\t\t\t\t<a data-elementor-open-lightbox=\"yes\" data-elementor-lightbox-slideshow=\"de74438\" data-elementor-lightbox-title=\"Ausstellung\" href='https:\/\/nadinejacobi.de\/wordpress\/wp-content\/uploads\/2021\/10\/Ausstellung.jpg'><img width=\"150\" height=\"150\" src=\"https:\/\/nadinejacobi.de\/wordpress\/wp-content\/uploads\/2021\/10\/Ausstellung-150x150.jpg\" class=\"attachment-thumbnail size-thumbnail\" alt=\"\" decoding=\"async\" loading=\"lazy\" srcset=\"https:\/\/nadinejacobi.de\/wordpress\/wp-content\/uploads\/2021\/10\/Ausstellung-150x150.jpg 150w, https:\/\/nadinejacobi.de\/wordpress\/wp-content\/uploads\/2021\/10\/Ausstellung-230x230.jpg 230w, https:\/\/nadinejacobi.de\/wordpress\/wp-content\/uploads\/2021\/10\/Ausstellung-330x330.jpg 330w\" sizes=\"(max-width: 150px) 100vw, 150px\" \/><\/a>\n\t\t\t<\/div><\/figure><figure class='gallery-item'>\n\t\t\t<div class='gallery-icon portrait'>\n\t\t\t\t<a data-elementor-open-lightbox=\"yes\" data-elementor-lightbox-slideshow=\"de74438\" data-elementor-lightbox-title=\"IMG_1682\" href='https:\/\/nadinejacobi.de\/wordpress\/wp-content\/uploads\/2021\/10\/IMG_1682-scaled.jpg'><img width=\"150\" height=\"150\" src=\"https:\/\/nadinejacobi.de\/wordpress\/wp-content\/uploads\/2021\/10\/IMG_1682-150x150.jpg\" class=\"attachment-thumbnail size-thumbnail\" alt=\"\" decoding=\"async\" loading=\"lazy\" srcset=\"https:\/\/nadinejacobi.de\/wordpress\/wp-content\/uploads\/2021\/10\/IMG_1682-150x150.jpg 150w, https:\/\/nadinejacobi.de\/wordpress\/wp-content\/uploads\/2021\/10\/IMG_1682-230x230.jpg 230w, https:\/\/nadinejacobi.de\/wordpress\/wp-content\/uploads\/2021\/10\/IMG_1682-330x330.jpg 330w\" sizes=\"(max-width: 150px) 100vw, 150px\" \/><\/a>\n\t\t\t<\/div><\/figure><figure class='gallery-item'>\n\t\t\t<div class='gallery-icon landscape'>\n\t\t\t\t<a data-elementor-open-lightbox=\"yes\" data-elementor-lightbox-slideshow=\"de74438\" data-elementor-lightbox-title=\"thumb_20190924_130303_1024\" href='https:\/\/nadinejacobi.de\/wordpress\/wp-content\/uploads\/2021\/10\/thumb_20190924_130303_1024.jpg'><img width=\"150\" height=\"150\" src=\"https:\/\/nadinejacobi.de\/wordpress\/wp-content\/uploads\/2021\/10\/thumb_20190924_130303_1024-150x150.jpg\" class=\"attachment-thumbnail size-thumbnail\" alt=\"\" decoding=\"async\" loading=\"lazy\" srcset=\"https:\/\/nadinejacobi.de\/wordpress\/wp-content\/uploads\/2021\/10\/thumb_20190924_130303_1024-150x150.jpg 150w, https:\/\/nadinejacobi.de\/wordpress\/wp-content\/uploads\/2021\/10\/thumb_20190924_130303_1024-230x230.jpg 230w, https:\/\/nadinejacobi.de\/wordpress\/wp-content\/uploads\/2021\/10\/thumb_20190924_130303_1024-330x330.jpg 330w\" sizes=\"(max-width: 150px) 100vw, 150px\" \/><\/a>\n\t\t\t<\/div><\/figure><figure class='gallery-item'>\n\t\t\t<div class='gallery-icon landscape'>\n\t\t\t\t<a data-elementor-open-lightbox=\"yes\" data-elementor-lightbox-slideshow=\"de74438\" data-elementor-lightbox-title=\"thumb_20191018_142414_1024\" href='https:\/\/nadinejacobi.de\/wordpress\/wp-content\/uploads\/2021\/10\/thumb_20191018_142414_1024.jpg'><img width=\"150\" height=\"150\" src=\"https:\/\/nadinejacobi.de\/wordpress\/wp-content\/uploads\/2021\/10\/thumb_20191018_142414_1024-150x150.jpg\" class=\"attachment-thumbnail size-thumbnail\" alt=\"\" decoding=\"async\" loading=\"lazy\" srcset=\"https:\/\/nadinejacobi.de\/wordpress\/wp-content\/uploads\/2021\/10\/thumb_20191018_142414_1024-150x150.jpg 150w, https:\/\/nadinejacobi.de\/wordpress\/wp-content\/uploads\/2021\/10\/thumb_20191018_142414_1024-230x230.jpg 230w, https:\/\/nadinejacobi.de\/wordpress\/wp-content\/uploads\/2021\/10\/thumb_20191018_142414_1024-330x330.jpg 330w\" sizes=\"(max-width: 150px) 100vw, 150px\" \/><\/a>\n\t\t\t<\/div><\/figure><figure class='gallery-item'>\n\t\t\t<div class='gallery-icon landscape'>\n\t\t\t\t<a data-elementor-open-lightbox=\"yes\" data-elementor-lightbox-slideshow=\"de74438\" data-elementor-lightbox-title=\"thumb_20191020_094312_1024\" href='https:\/\/nadinejacobi.de\/wordpress\/wp-content\/uploads\/2021\/10\/thumb_20191020_094312_1024.jpg'><img width=\"150\" height=\"150\" src=\"https:\/\/nadinejacobi.de\/wordpress\/wp-content\/uploads\/2021\/10\/thumb_20191020_094312_1024-150x150.jpg\" class=\"attachment-thumbnail size-thumbnail\" alt=\"\" decoding=\"async\" loading=\"lazy\" srcset=\"https:\/\/nadinejacobi.de\/wordpress\/wp-content\/uploads\/2021\/10\/thumb_20191020_094312_1024-150x150.jpg 150w, https:\/\/nadinejacobi.de\/wordpress\/wp-content\/uploads\/2021\/10\/thumb_20191020_094312_1024-230x230.jpg 230w, https:\/\/nadinejacobi.de\/wordpress\/wp-content\/uploads\/2021\/10\/thumb_20191020_094312_1024-330x330.jpg 330w\" sizes=\"(max-width: 150px) 100vw, 150px\" \/><\/a>\n\t\t\t<\/div><\/figure><figure class='gallery-item'>\n\t\t\t<div class='gallery-icon landscape'>\n\t\t\t\t<a data-elementor-open-lightbox=\"yes\" data-elementor-lightbox-slideshow=\"de74438\" data-elementor-lightbox-title=\"thumb_IMG_1651_1024\" href='https:\/\/nadinejacobi.de\/wordpress\/wp-content\/uploads\/2021\/10\/thumb_IMG_1651_1024.jpg'><img width=\"150\" height=\"150\" src=\"https:\/\/nadinejacobi.de\/wordpress\/wp-content\/uploads\/2021\/10\/thumb_IMG_1651_1024-150x150.jpg\" class=\"attachment-thumbnail size-thumbnail\" alt=\"\" decoding=\"async\" loading=\"lazy\" srcset=\"https:\/\/nadinejacobi.de\/wordpress\/wp-content\/uploads\/2021\/10\/thumb_IMG_1651_1024-150x150.jpg 150w, https:\/\/nadinejacobi.de\/wordpress\/wp-content\/uploads\/2021\/10\/thumb_IMG_1651_1024-230x230.jpg 230w, https:\/\/nadinejacobi.de\/wordpress\/wp-content\/uploads\/2021\/10\/thumb_IMG_1651_1024-330x330.jpg 330w\" sizes=\"(max-width: 150px) 100vw, 150px\" \/><\/a>\n\t\t\t<\/div><\/figure>\n\t\t<\/div>\n\t\t<\/div>\n\t\t\t\t<\/div>\n\t\t\t\t<\/div>\n\t\t\t\t\t<\/div>\n\t\t<\/div>\n\t\t\t\t\t\t\t<\/div>\n\t\t<\/section>\n\t\t\t\t<section class=\"elementor-section elementor-top-section elementor-element elementor-element-5077f4f9 elementor-section-boxed elementor-section-height-default elementor-section-height-default\" data-id=\"5077f4f9\" data-element_type=\"section\">\n\t\t\t\t\t\t<div class=\"elementor-container elementor-column-gap-default\">\n\t\t\t\t\t<div class=\"elementor-column elementor-col-100 elementor-top-column elementor-element elementor-element-78af7319\" data-id=\"78af7319\" data-element_type=\"column\">\n\t\t\t<div class=\"elementor-widget-wrap elementor-element-populated\">\n\t\t\t\t\t\t\t\t<div class=\"elementor-element elementor-element-5144d31f elementor-widget-divider--view-line elementor-widget elementor-widget-divider\" data-id=\"5144d31f\" data-element_type=\"widget\" data-widget_type=\"divider.default\">\n\t\t\t\t<div class=\"elementor-widget-container\">\n\t\t\t\t\t<div class=\"elementor-divider\">\n\t\t\t<span class=\"elementor-divider-separator\">\n\t\t\t\t\t\t<\/span>\n\t\t<\/div>\n\t\t\t\t<\/div>\n\t\t\t\t<\/div>\n\t\t\t\t\t<\/div>\n\t\t<\/div>\n\t\t\t\t\t\t\t<\/div>\n\t\t<\/section>\n\t\t\t\t<section class=\"elementor-section elementor-top-section elementor-element elementor-element-476956f1 elementor-section-boxed elementor-section-height-default elementor-section-height-default\" data-id=\"476956f1\" data-element_type=\"section\">\n\t\t\t\t\t\t<div class=\"elementor-container elementor-column-gap-default\">\n\t\t\t\t\t<div class=\"elementor-column elementor-col-100 elementor-top-column elementor-element elementor-element-2b62e910\" data-id=\"2b62e910\" data-element_type=\"column\">\n\t\t\t<div class=\"elementor-widget-wrap elementor-element-populated\">\n\t\t\t\t\t\t\t\t<div class=\"elementor-element elementor-element-3397ad97 elementor-widget elementor-widget-button\" data-id=\"3397ad97\" data-element_type=\"widget\" data-widget_type=\"button.default\">\n\t\t\t\t<div class=\"elementor-widget-container\">\n\t\t\t\t\t<div class=\"elementor-button-wrapper\">\n\t\t\t<a href=\"#\" class=\"elementor-button-link elementor-button elementor-size-sm\" role=\"button\">\n\t\t\t\t\t\t<span class=\"elementor-button-content-wrapper\">\n\t\t\t\t\t\t<span class=\"elementor-button-text\">Zur\u00fcck zur \u00dcbersicht<\/span>\n\t\t<\/span>\n\t\t\t\t\t<\/a>\n\t\t<\/div>\n\t\t\t\t<\/div>\n\t\t\t\t<\/div>\n\t\t\t\t\t<\/div>\n\t\t<\/div>\n\t\t\t\t\t\t\t<\/div>\n\t\t<\/section>\n\t\t\t\t\t\t<\/div>\n\t\t\t\t\t<\/div>\n\t\t","protected":false},"excerpt":{"rendered":"<p>Ein Projekt der K\u00fcnstlerischen Abendschule Jena e. V., Konzeption und Organisation: Nadine Jacobi. In Zusammenarbeit mit: Evangelische Erwachsenenbildung Th\u00fcringen, Jugendzentrum Saline Bad Sulza, Freie B\u00fchne Jena e. V. und K\u00fcnstlern der Region. \u00a0 W\u00fcnsche, Tr\u00e4ume, Ziele und Vorstellungen sind individuell.<\/p>\n","protected":false},"author":1,"featured_media":0,"parent":30,"menu_order":0,"comment_status":"closed","ping_status":"closed","template":"","meta":[],"_links":{"self":[{"href":"https:\/\/nadinejacobi.de\/wordpress\/wp-json\/wp\/v2\/pages\/382"}],"collection":[{"href":"https:\/\/nadinejacobi.de\/wordpress\/wp-json\/wp\/v2\/pages"}],"about":[{"href":"https:\/\/nadinejacobi.de\/wordpress\/wp-json\/wp\/v2\/types\/page"}],"author":[{"embeddable":true,"href":"https:\/\/nadinejacobi.de\/wordpress\/wp-json\/wp\/v2\/users\/1"}],"replies":[{"embeddable":true,"href":"https:\/\/nadinejacobi.de\/wordpress\/wp-json\/wp\/v2\/comments?post=382"}],"version-history":[{"count":16,"href":"https:\/\/nadinejacobi.de\/wordpress\/wp-json\/wp\/v2\/pages\/382\/revisions"}],"predecessor-version":[{"id":423,"href":"https:\/\/nadinejacobi.de\/wordpress\/wp-json\/wp\/v2\/pages\/382\/revisions\/423"}],"up":[{"embeddable":true,"href":"https:\/\/nadinejacobi.de\/wordpress\/wp-json\/wp\/v2\/pages\/30"}],"wp:attachment":[{"href":"https:\/\/nadinejacobi.de\/wordpress\/wp-json\/wp\/v2\/media?parent=382"}],"curies":[{"name":"wp","href":"https:\/\/api.w.org\/{rel}","templated":true}]}}