{"id":373,"date":"2021-10-31T20:57:21","date_gmt":"2021-10-31T19:57:21","guid":{"rendered":"https:\/\/nadinejacobi.de\/wordpress\/?page_id=373"},"modified":"2021-10-31T21:45:08","modified_gmt":"2021-10-31T20:45:08","slug":"heimatlos","status":"publish","type":"page","link":"https:\/\/nadinejacobi.de\/wordpress\/projekte\/heimatlos\/","title":{"rendered":"HeimatLos"},"content":{"rendered":"\t\t<div data-elementor-type=\"wp-page\" data-elementor-id=\"373\" class=\"elementor elementor-373\" data-elementor-settings=\"[]\">\n\t\t\t\t\t\t\t<div class=\"elementor-section-wrap\">\n\t\t\t\t\t\t\t<section class=\"elementor-section elementor-top-section elementor-element elementor-element-3373b350 elementor-section-boxed elementor-section-height-default elementor-section-height-default\" data-id=\"3373b350\" data-element_type=\"section\">\n\t\t\t\t\t\t<div class=\"elementor-container elementor-column-gap-default\">\n\t\t\t\t\t<div class=\"elementor-column elementor-col-50 elementor-top-column elementor-element elementor-element-7698a2b\" data-id=\"7698a2b\" data-element_type=\"column\">\n\t\t\t<div class=\"elementor-widget-wrap elementor-element-populated\">\n\t\t\t\t\t\t\t\t<div class=\"elementor-element elementor-element-6d5861d2 elementor-widget elementor-widget-text-editor\" data-id=\"6d5861d2\" data-element_type=\"widget\" data-widget_type=\"text-editor.default\">\n\t\t\t\t<div class=\"elementor-widget-container\">\n\t\t\t\t\t\t\t<p><strong>HeimatLOS<\/strong><\/p><p>2017<\/p><p>Ein Projekt der Evangelischen Erwachsenenbildung Th\u00fcringen e.V. mit den Jenaer K\u00fcnstlern Andr\u00e9 Helbig und Nadine Jacobi.<\/p>\t\t\t\t\t\t<\/div>\n\t\t\t\t<\/div>\n\t\t\t\t<div class=\"elementor-element elementor-element-6b0ece0b elementor-widget-divider--view-line elementor-widget elementor-widget-divider\" data-id=\"6b0ece0b\" data-element_type=\"widget\" data-widget_type=\"divider.default\">\n\t\t\t\t<div class=\"elementor-widget-container\">\n\t\t\t\t\t<div class=\"elementor-divider\">\n\t\t\t<span class=\"elementor-divider-separator\">\n\t\t\t\t\t\t<\/span>\n\t\t<\/div>\n\t\t\t\t<\/div>\n\t\t\t\t<\/div>\n\t\t\t\t<div class=\"elementor-element elementor-element-494ebe0a elementor-widget elementor-widget-text-editor\" data-id=\"494ebe0a\" data-element_type=\"widget\" data-widget_type=\"text-editor.default\">\n\t\t\t\t<div class=\"elementor-widget-container\">\n\t\t\t\t\t\t\t<p>Verlorene Heimat, neu gefundene Heimat, immer anwesende Heimat, sind wir heimatlos oder sagen wir los Heimat!? Du bis mein Los!?<\/p><p>Das Projekt, in dem wir uns kreativ mit dem Begriff Heimat besch\u00e4ftigen, beinhaltet k\u00fcnstlerische Workshops, in welchen die Teilnehmer eigene Bildwelten zum Thema entwickeln. Die Ergebnisse pr\u00e4sentieren wir im Jenaer Rathaus. Zus\u00e4tzlich wurden an pr\u00e4gnanten Stellen in Jena Briefk\u00e4sten installiert, in die jeder B\u00fcrger Briefe an die Heimat einwerfen konnte. Diese werden anonym zur Abschlusspr\u00e4sentation vorgetragen.<\/p><p><span style=\"text-decoration: underline;\">Workshops:<\/span><\/p><p>Kunst im \u00f6ffentlichen Raum: Leitung: Nadine Jacobi (Jena)<\/p><p>Biografische Bildergeschichten: Leitung: Elisabeth Meitz-Spielmann (Jena), Nadine Jacobi (Jena)<\/p><p>Fotografie: Leitung: Andr\u00e9 Helbig (Jena)<\/p><p>Kreatives Schreiben: Leitung: Dr. Amelie Mahlst\u00e4dt (Leipzig)<\/p><p><span style=\"text-decoration: underline;\">Abschlusspr\u00e4sentation und Ausstellungser\u00f6ffnung:<\/span>\u00a0<\/p><p>20. 10. 2017, 18 Uhr Rathaus am Markt 07743 Jena\u00a0<\/p><p>mit Live-Musik und Lesung\u00a0<\/p>\t\t\t\t\t\t<\/div>\n\t\t\t\t<\/div>\n\t\t\t\t\t<\/div>\n\t\t<\/div>\n\t\t\t\t<div class=\"elementor-column elementor-col-50 elementor-top-column elementor-element elementor-element-11fb8728\" data-id=\"11fb8728\" data-element_type=\"column\">\n\t\t\t<div class=\"elementor-widget-wrap elementor-element-populated\">\n\t\t\t\t\t\t\t\t<div class=\"elementor-element elementor-element-46941dd5 elementor-widget elementor-widget-image\" data-id=\"46941dd5\" data-element_type=\"widget\" data-widget_type=\"image.default\">\n\t\t\t\t<div class=\"elementor-widget-container\">\n\t\t\t\t\t\t\t\t\t\t\t\t\t\t\t<img decoding=\"async\" width=\"2560\" height=\"1810\" src=\"https:\/\/nadinejacobi.de\/wordpress\/wp-content\/uploads\/2021\/10\/VorderseiteFlyerinHeimatlos-scaled.jpg\" class=\"attachment-full size-full\" alt=\"\" loading=\"lazy\" srcset=\"https:\/\/nadinejacobi.de\/wordpress\/wp-content\/uploads\/2021\/10\/VorderseiteFlyerinHeimatlos-scaled.jpg 2560w, https:\/\/nadinejacobi.de\/wordpress\/wp-content\/uploads\/2021\/10\/VorderseiteFlyerinHeimatlos-300x212.jpg 300w, https:\/\/nadinejacobi.de\/wordpress\/wp-content\/uploads\/2021\/10\/VorderseiteFlyerinHeimatlos-1024x724.jpg 1024w, https:\/\/nadinejacobi.de\/wordpress\/wp-content\/uploads\/2021\/10\/VorderseiteFlyerinHeimatlos-768x543.jpg 768w, https:\/\/nadinejacobi.de\/wordpress\/wp-content\/uploads\/2021\/10\/VorderseiteFlyerinHeimatlos-1536x1086.jpg 1536w, https:\/\/nadinejacobi.de\/wordpress\/wp-content\/uploads\/2021\/10\/VorderseiteFlyerinHeimatlos-2048x1448.jpg 2048w\" sizes=\"(max-width: 2560px) 100vw, 2560px\" \/>\t\t\t\t\t\t\t\t\t\t\t\t\t\t\t<\/div>\n\t\t\t\t<\/div>\n\t\t\t\t\t<\/div>\n\t\t<\/div>\n\t\t\t\t\t\t\t<\/div>\n\t\t<\/section>\n\t\t\t\t<section class=\"elementor-section elementor-top-section elementor-element elementor-element-3da65f30 elementor-section-boxed elementor-section-height-default elementor-section-height-default\" data-id=\"3da65f30\" data-element_type=\"section\">\n\t\t\t\t\t\t<div class=\"elementor-container elementor-column-gap-default\">\n\t\t\t\t\t<div class=\"elementor-column elementor-col-100 elementor-top-column elementor-element elementor-element-31ee9912\" data-id=\"31ee9912\" data-element_type=\"column\">\n\t\t\t<div class=\"elementor-widget-wrap elementor-element-populated\">\n\t\t\t\t\t\t\t\t<div class=\"elementor-element elementor-element-252a92c5 elementor-widget elementor-widget-image-gallery\" data-id=\"252a92c5\" data-element_type=\"widget\" data-widget_type=\"image-gallery.default\">\n\t\t\t\t<div class=\"elementor-widget-container\">\n\t\t\t\t\t<div class=\"elementor-image-gallery\">\n\t\t\t<div id='gallery-1' class='gallery galleryid-373 gallery-columns-6 gallery-size-thumbnail'><figure class='gallery-item'>\n\t\t\t<div class='gallery-icon portrait'>\n\t\t\t\t<a data-elementor-open-lightbox=\"yes\" data-elementor-lightbox-slideshow=\"252a92c5\" data-elementor-lightbox-title=\"_K5A3758_monitor\" href='https:\/\/nadinejacobi.de\/wordpress\/wp-content\/uploads\/2021\/10\/K5A3758_monitor.jpg'><img width=\"150\" height=\"150\" src=\"https:\/\/nadinejacobi.de\/wordpress\/wp-content\/uploads\/2021\/10\/K5A3758_monitor-150x150.jpg\" class=\"attachment-thumbnail size-thumbnail\" alt=\"\" decoding=\"async\" loading=\"lazy\" srcset=\"https:\/\/nadinejacobi.de\/wordpress\/wp-content\/uploads\/2021\/10\/K5A3758_monitor-150x150.jpg 150w, https:\/\/nadinejacobi.de\/wordpress\/wp-content\/uploads\/2021\/10\/K5A3758_monitor-230x230.jpg 230w, https:\/\/nadinejacobi.de\/wordpress\/wp-content\/uploads\/2021\/10\/K5A3758_monitor-330x330.jpg 330w\" sizes=\"(max-width: 150px) 100vw, 150px\" \/><\/a>\n\t\t\t<\/div><\/figure><figure class='gallery-item'>\n\t\t\t<div class='gallery-icon portrait'>\n\t\t\t\t<a data-elementor-open-lightbox=\"yes\" data-elementor-lightbox-slideshow=\"252a92c5\" data-elementor-lightbox-title=\"_K5A3782_monitor\" href='https:\/\/nadinejacobi.de\/wordpress\/wp-content\/uploads\/2021\/10\/K5A3782_monitor.jpg'><img width=\"150\" height=\"150\" src=\"https:\/\/nadinejacobi.de\/wordpress\/wp-content\/uploads\/2021\/10\/K5A3782_monitor-150x150.jpg\" class=\"attachment-thumbnail size-thumbnail\" alt=\"\" decoding=\"async\" loading=\"lazy\" srcset=\"https:\/\/nadinejacobi.de\/wordpress\/wp-content\/uploads\/2021\/10\/K5A3782_monitor-150x150.jpg 150w, https:\/\/nadinejacobi.de\/wordpress\/wp-content\/uploads\/2021\/10\/K5A3782_monitor-230x230.jpg 230w, https:\/\/nadinejacobi.de\/wordpress\/wp-content\/uploads\/2021\/10\/K5A3782_monitor-330x330.jpg 330w\" sizes=\"(max-width: 150px) 100vw, 150px\" \/><\/a>\n\t\t\t<\/div><\/figure><figure class='gallery-item'>\n\t\t\t<div class='gallery-icon landscape'>\n\t\t\t\t<a data-elementor-open-lightbox=\"yes\" data-elementor-lightbox-slideshow=\"252a92c5\" data-elementor-lightbox-title=\"_K5A3809_monitor\" href='https:\/\/nadinejacobi.de\/wordpress\/wp-content\/uploads\/2021\/10\/K5A3809_monitor.jpg'><img width=\"150\" height=\"150\" src=\"https:\/\/nadinejacobi.de\/wordpress\/wp-content\/uploads\/2021\/10\/K5A3809_monitor-150x150.jpg\" class=\"attachment-thumbnail size-thumbnail\" alt=\"\" decoding=\"async\" loading=\"lazy\" srcset=\"https:\/\/nadinejacobi.de\/wordpress\/wp-content\/uploads\/2021\/10\/K5A3809_monitor-150x150.jpg 150w, https:\/\/nadinejacobi.de\/wordpress\/wp-content\/uploads\/2021\/10\/K5A3809_monitor-230x230.jpg 230w, https:\/\/nadinejacobi.de\/wordpress\/wp-content\/uploads\/2021\/10\/K5A3809_monitor-330x330.jpg 330w\" sizes=\"(max-width: 150px) 100vw, 150px\" \/><\/a>\n\t\t\t<\/div><\/figure><figure class='gallery-item'>\n\t\t\t<div class='gallery-icon landscape'>\n\t\t\t\t<a data-elementor-open-lightbox=\"yes\" data-elementor-lightbox-slideshow=\"252a92c5\" data-elementor-lightbox-title=\"_K5A3822_monitor\" href='https:\/\/nadinejacobi.de\/wordpress\/wp-content\/uploads\/2021\/10\/K5A3822_monitor.jpg'><img width=\"150\" height=\"150\" src=\"https:\/\/nadinejacobi.de\/wordpress\/wp-content\/uploads\/2021\/10\/K5A3822_monitor-150x150.jpg\" class=\"attachment-thumbnail size-thumbnail\" alt=\"\" decoding=\"async\" loading=\"lazy\" srcset=\"https:\/\/nadinejacobi.de\/wordpress\/wp-content\/uploads\/2021\/10\/K5A3822_monitor-150x150.jpg 150w, https:\/\/nadinejacobi.de\/wordpress\/wp-content\/uploads\/2021\/10\/K5A3822_monitor-230x230.jpg 230w, https:\/\/nadinejacobi.de\/wordpress\/wp-content\/uploads\/2021\/10\/K5A3822_monitor-330x330.jpg 330w\" sizes=\"(max-width: 150px) 100vw, 150px\" \/><\/a>\n\t\t\t<\/div><\/figure><figure class='gallery-item'>\n\t\t\t<div class='gallery-icon landscape'>\n\t\t\t\t<a data-elementor-open-lightbox=\"yes\" data-elementor-lightbox-slideshow=\"252a92c5\" data-elementor-lightbox-title=\"IMG_0247\" href='https:\/\/nadinejacobi.de\/wordpress\/wp-content\/uploads\/2021\/10\/IMG_0247-scaled.jpg'><img width=\"150\" height=\"150\" src=\"https:\/\/nadinejacobi.de\/wordpress\/wp-content\/uploads\/2021\/10\/IMG_0247-150x150.jpg\" class=\"attachment-thumbnail size-thumbnail\" alt=\"\" decoding=\"async\" loading=\"lazy\" srcset=\"https:\/\/nadinejacobi.de\/wordpress\/wp-content\/uploads\/2021\/10\/IMG_0247-150x150.jpg 150w, https:\/\/nadinejacobi.de\/wordpress\/wp-content\/uploads\/2021\/10\/IMG_0247-230x230.jpg 230w, https:\/\/nadinejacobi.de\/wordpress\/wp-content\/uploads\/2021\/10\/IMG_0247-330x330.jpg 330w\" sizes=\"(max-width: 150px) 100vw, 150px\" \/><\/a>\n\t\t\t<\/div><\/figure><figure class='gallery-item'>\n\t\t\t<div class='gallery-icon portrait'>\n\t\t\t\t<a data-elementor-open-lightbox=\"yes\" data-elementor-lightbox-slideshow=\"252a92c5\" data-elementor-lightbox-title=\"IMG_0254\" href='https:\/\/nadinejacobi.de\/wordpress\/wp-content\/uploads\/2021\/10\/IMG_0254-scaled.jpg'><img width=\"150\" height=\"150\" src=\"https:\/\/nadinejacobi.de\/wordpress\/wp-content\/uploads\/2021\/10\/IMG_0254-150x150.jpg\" class=\"attachment-thumbnail size-thumbnail\" alt=\"\" decoding=\"async\" loading=\"lazy\" srcset=\"https:\/\/nadinejacobi.de\/wordpress\/wp-content\/uploads\/2021\/10\/IMG_0254-150x150.jpg 150w, https:\/\/nadinejacobi.de\/wordpress\/wp-content\/uploads\/2021\/10\/IMG_0254-230x230.jpg 230w, https:\/\/nadinejacobi.de\/wordpress\/wp-content\/uploads\/2021\/10\/IMG_0254-330x330.jpg 330w\" sizes=\"(max-width: 150px) 100vw, 150px\" \/><\/a>\n\t\t\t<\/div><\/figure><figure class='gallery-item'>\n\t\t\t<div class='gallery-icon landscape'>\n\t\t\t\t<a data-elementor-open-lightbox=\"yes\" data-elementor-lightbox-slideshow=\"252a92c5\" data-elementor-lightbox-title=\"IMG_0310\" href='https:\/\/nadinejacobi.de\/wordpress\/wp-content\/uploads\/2021\/10\/IMG_0310-scaled.jpg'><img width=\"150\" height=\"150\" src=\"https:\/\/nadinejacobi.de\/wordpress\/wp-content\/uploads\/2021\/10\/IMG_0310-150x150.jpg\" class=\"attachment-thumbnail size-thumbnail\" alt=\"\" decoding=\"async\" loading=\"lazy\" srcset=\"https:\/\/nadinejacobi.de\/wordpress\/wp-content\/uploads\/2021\/10\/IMG_0310-150x150.jpg 150w, https:\/\/nadinejacobi.de\/wordpress\/wp-content\/uploads\/2021\/10\/IMG_0310-230x230.jpg 230w, https:\/\/nadinejacobi.de\/wordpress\/wp-content\/uploads\/2021\/10\/IMG_0310-330x330.jpg 330w\" sizes=\"(max-width: 150px) 100vw, 150px\" \/><\/a>\n\t\t\t<\/div><\/figure><figure class='gallery-item'>\n\t\t\t<div class='gallery-icon landscape'>\n\t\t\t\t<a data-elementor-open-lightbox=\"yes\" data-elementor-lightbox-slideshow=\"252a92c5\" data-elementor-lightbox-title=\"InnenseiteFlyerHeimatlos\" href='https:\/\/nadinejacobi.de\/wordpress\/wp-content\/uploads\/2021\/10\/InnenseiteFlyerHeimatlos-scaled.jpg'><img width=\"150\" height=\"150\" src=\"https:\/\/nadinejacobi.de\/wordpress\/wp-content\/uploads\/2021\/10\/InnenseiteFlyerHeimatlos-150x150.jpg\" class=\"attachment-thumbnail size-thumbnail\" alt=\"\" decoding=\"async\" loading=\"lazy\" srcset=\"https:\/\/nadinejacobi.de\/wordpress\/wp-content\/uploads\/2021\/10\/InnenseiteFlyerHeimatlos-150x150.jpg 150w, https:\/\/nadinejacobi.de\/wordpress\/wp-content\/uploads\/2021\/10\/InnenseiteFlyerHeimatlos-230x230.jpg 230w, https:\/\/nadinejacobi.de\/wordpress\/wp-content\/uploads\/2021\/10\/InnenseiteFlyerHeimatlos-330x330.jpg 330w\" sizes=\"(max-width: 150px) 100vw, 150px\" \/><\/a>\n\t\t\t<\/div><\/figure><figure class='gallery-item'>\n\t\t\t<div class='gallery-icon landscape'>\n\t\t\t\t<a data-elementor-open-lightbox=\"yes\" data-elementor-lightbox-slideshow=\"252a92c5\" data-elementor-lightbox-title=\"thumb_IMG_9864_1024\" href='https:\/\/nadinejacobi.de\/wordpress\/wp-content\/uploads\/2021\/10\/thumb_IMG_9864_1024.jpg'><img width=\"150\" height=\"150\" src=\"https:\/\/nadinejacobi.de\/wordpress\/wp-content\/uploads\/2021\/10\/thumb_IMG_9864_1024-150x150.jpg\" class=\"attachment-thumbnail size-thumbnail\" alt=\"\" decoding=\"async\" loading=\"lazy\" srcset=\"https:\/\/nadinejacobi.de\/wordpress\/wp-content\/uploads\/2021\/10\/thumb_IMG_9864_1024-150x150.jpg 150w, https:\/\/nadinejacobi.de\/wordpress\/wp-content\/uploads\/2021\/10\/thumb_IMG_9864_1024-230x230.jpg 230w, https:\/\/nadinejacobi.de\/wordpress\/wp-content\/uploads\/2021\/10\/thumb_IMG_9864_1024-330x330.jpg 330w\" sizes=\"(max-width: 150px) 100vw, 150px\" \/><\/a>\n\t\t\t<\/div><\/figure><figure class='gallery-item'>\n\t\t\t<div class='gallery-icon landscape'>\n\t\t\t\t<a data-elementor-open-lightbox=\"yes\" data-elementor-lightbox-slideshow=\"252a92c5\" data-elementor-lightbox-title=\"VorderseiteFlyerinHeimatlos\" href='https:\/\/nadinejacobi.de\/wordpress\/wp-content\/uploads\/2021\/10\/VorderseiteFlyerinHeimatlos-1-scaled.jpg'><img width=\"150\" height=\"150\" src=\"https:\/\/nadinejacobi.de\/wordpress\/wp-content\/uploads\/2021\/10\/VorderseiteFlyerinHeimatlos-1-150x150.jpg\" class=\"attachment-thumbnail size-thumbnail\" alt=\"\" decoding=\"async\" loading=\"lazy\" srcset=\"https:\/\/nadinejacobi.de\/wordpress\/wp-content\/uploads\/2021\/10\/VorderseiteFlyerinHeimatlos-1-150x150.jpg 150w, https:\/\/nadinejacobi.de\/wordpress\/wp-content\/uploads\/2021\/10\/VorderseiteFlyerinHeimatlos-1-230x230.jpg 230w, https:\/\/nadinejacobi.de\/wordpress\/wp-content\/uploads\/2021\/10\/VorderseiteFlyerinHeimatlos-1-330x330.jpg 330w\" sizes=\"(max-width: 150px) 100vw, 150px\" \/><\/a>\n\t\t\t<\/div><\/figure>\n\t\t<\/div>\n\t\t<\/div>\n\t\t\t\t<\/div>\n\t\t\t\t<\/div>\n\t\t\t\t\t<\/div>\n\t\t<\/div>\n\t\t\t\t\t\t\t<\/div>\n\t\t<\/section>\n\t\t\t\t<section class=\"elementor-section elementor-top-section elementor-element elementor-element-be6f138 elementor-section-boxed elementor-section-height-default elementor-section-height-default\" data-id=\"be6f138\" data-element_type=\"section\">\n\t\t\t\t\t\t<div class=\"elementor-container elementor-column-gap-default\">\n\t\t\t\t\t<div class=\"elementor-column elementor-col-100 elementor-top-column elementor-element elementor-element-328a23c5\" data-id=\"328a23c5\" data-element_type=\"column\">\n\t\t\t<div class=\"elementor-widget-wrap elementor-element-populated\">\n\t\t\t\t\t\t\t\t<div class=\"elementor-element elementor-element-3deb6c7b elementor-widget-divider--view-line elementor-widget elementor-widget-divider\" data-id=\"3deb6c7b\" data-element_type=\"widget\" data-widget_type=\"divider.default\">\n\t\t\t\t<div class=\"elementor-widget-container\">\n\t\t\t\t\t<div class=\"elementor-divider\">\n\t\t\t<span class=\"elementor-divider-separator\">\n\t\t\t\t\t\t<\/span>\n\t\t<\/div>\n\t\t\t\t<\/div>\n\t\t\t\t<\/div>\n\t\t\t\t\t<\/div>\n\t\t<\/div>\n\t\t\t\t\t\t\t<\/div>\n\t\t<\/section>\n\t\t\t\t<section class=\"elementor-section elementor-top-section elementor-element elementor-element-6714b426 elementor-section-boxed elementor-section-height-default elementor-section-height-default\" data-id=\"6714b426\" data-element_type=\"section\">\n\t\t\t\t\t\t<div class=\"elementor-container elementor-column-gap-default\">\n\t\t\t\t\t<div class=\"elementor-column elementor-col-100 elementor-top-column elementor-element elementor-element-480e42ef\" data-id=\"480e42ef\" data-element_type=\"column\">\n\t\t\t<div class=\"elementor-widget-wrap elementor-element-populated\">\n\t\t\t\t\t\t\t\t<div class=\"elementor-element elementor-element-37088be8 elementor-widget elementor-widget-button\" data-id=\"37088be8\" data-element_type=\"widget\" data-widget_type=\"button.default\">\n\t\t\t\t<div class=\"elementor-widget-container\">\n\t\t\t\t\t<div class=\"elementor-button-wrapper\">\n\t\t\t<a href=\"#\" class=\"elementor-button-link elementor-button elementor-size-sm\" role=\"button\">\n\t\t\t\t\t\t<span class=\"elementor-button-content-wrapper\">\n\t\t\t\t\t\t<span class=\"elementor-button-text\">Zur\u00fcck zur \u00dcbersicht<\/span>\n\t\t<\/span>\n\t\t\t\t\t<\/a>\n\t\t<\/div>\n\t\t\t\t<\/div>\n\t\t\t\t<\/div>\n\t\t\t\t\t<\/div>\n\t\t<\/div>\n\t\t\t\t\t\t\t<\/div>\n\t\t<\/section>\n\t\t\t\t\t\t<\/div>\n\t\t\t\t\t<\/div>\n\t\t","protected":false},"excerpt":{"rendered":"<p>HeimatLOS 2017 Ein Projekt der Evangelischen Erwachsenenbildung Th\u00fcringen e.V. mit den Jenaer K\u00fcnstlern Andr\u00e9 Helbig und Nadine Jacobi. Verlorene Heimat, neu gefundene Heimat, immer anwesende Heimat, sind wir heimatlos oder sagen wir los Heimat!? Du bis mein Los!? Das Projekt,<\/p>\n","protected":false},"author":1,"featured_media":0,"parent":30,"menu_order":0,"comment_status":"closed","ping_status":"closed","template":"","meta":[],"_links":{"self":[{"href":"https:\/\/nadinejacobi.de\/wordpress\/wp-json\/wp\/v2\/pages\/373"}],"collection":[{"href":"https:\/\/nadinejacobi.de\/wordpress\/wp-json\/wp\/v2\/pages"}],"about":[{"href":"https:\/\/nadinejacobi.de\/wordpress\/wp-json\/wp\/v2\/types\/page"}],"author":[{"embeddable":true,"href":"https:\/\/nadinejacobi.de\/wordpress\/wp-json\/wp\/v2\/users\/1"}],"replies":[{"embeddable":true,"href":"https:\/\/nadinejacobi.de\/wordpress\/wp-json\/wp\/v2\/comments?post=373"}],"version-history":[{"count":7,"href":"https:\/\/nadinejacobi.de\/wordpress\/wp-json\/wp\/v2\/pages\/373\/revisions"}],"predecessor-version":[{"id":464,"href":"https:\/\/nadinejacobi.de\/wordpress\/wp-json\/wp\/v2\/pages\/373\/revisions\/464"}],"up":[{"embeddable":true,"href":"https:\/\/nadinejacobi.de\/wordpress\/wp-json\/wp\/v2\/pages\/30"}],"wp:attachment":[{"href":"https:\/\/nadinejacobi.de\/wordpress\/wp-json\/wp\/v2\/media?parent=373"}],"curies":[{"name":"wp","href":"https:\/\/api.w.org\/{rel}","templated":true}]}}