{"id":370,"date":"2021-10-31T20:55:23","date_gmt":"2021-10-31T19:55:23","guid":{"rendered":"https:\/\/nadinejacobi.de\/wordpress\/?page_id=370"},"modified":"2021-10-31T21:38:50","modified_gmt":"2021-10-31T20:38:50","slug":"heimaten","status":"publish","type":"page","link":"https:\/\/nadinejacobi.de\/wordpress\/projekte\/heimaten\/","title":{"rendered":"Heimaten"},"content":{"rendered":"\t\t<div data-elementor-type=\"wp-page\" data-elementor-id=\"370\" class=\"elementor elementor-370\" data-elementor-settings=\"[]\">\n\t\t\t\t\t\t\t<div class=\"elementor-section-wrap\">\n\t\t\t\t\t\t\t<section class=\"elementor-section elementor-top-section elementor-element elementor-element-2c89647 elementor-section-boxed elementor-section-height-default elementor-section-height-default\" data-id=\"2c89647\" data-element_type=\"section\">\n\t\t\t\t\t\t<div class=\"elementor-container elementor-column-gap-default\">\n\t\t\t\t\t<div class=\"elementor-column elementor-col-50 elementor-top-column elementor-element elementor-element-27addec7\" data-id=\"27addec7\" data-element_type=\"column\">\n\t\t\t<div class=\"elementor-widget-wrap elementor-element-populated\">\n\t\t\t\t\t\t\t\t<div class=\"elementor-element elementor-element-60ebc428 elementor-widget elementor-widget-text-editor\" data-id=\"60ebc428\" data-element_type=\"widget\" data-widget_type=\"text-editor.default\">\n\t\t\t\t<div class=\"elementor-widget-container\">\n\t\t\t\t\t\t\t<p><strong>HEIMATen &#8211; Wir schaffen uns ein Heim<\/strong><\/p><p>Ein Projekt des Freie B\u00fchne Jena e. V. in Kooperation mit dem Kunsthof Jena, der B\u00fcrgerstiftung Jena, den Ankommenspaten und dem Kult\u00fcrmchen.<\/p>\t\t\t\t\t\t<\/div>\n\t\t\t\t<\/div>\n\t\t\t\t<div class=\"elementor-element elementor-element-43f01e4b elementor-widget-divider--view-line elementor-widget elementor-widget-divider\" data-id=\"43f01e4b\" data-element_type=\"widget\" data-widget_type=\"divider.default\">\n\t\t\t\t<div class=\"elementor-widget-container\">\n\t\t\t\t\t<div class=\"elementor-divider\">\n\t\t\t<span class=\"elementor-divider-separator\">\n\t\t\t\t\t\t<\/span>\n\t\t<\/div>\n\t\t\t\t<\/div>\n\t\t\t\t<\/div>\n\t\t\t\t<div class=\"elementor-element elementor-element-b179625 elementor-widget elementor-widget-text-editor\" data-id=\"b179625\" data-element_type=\"widget\" data-widget_type=\"text-editor.default\">\n\t\t\t\t<div class=\"elementor-widget-container\">\n\t\t\t\t\t\t\t<p>Am 4.12.2016 haben wir uns in 3 parallel laufenden Workshops kreativ mit dem Thema Heimat auseinandergesetzt. Vier Kreative aus Jena leiteten diese Workshops in den Bereichen: Fotografie, Kunst im \u00f6ffentlichen Raum, Figurenbau &amp; Schattentheater und Kochen.<\/p><p><span style=\"text-decoration: underline;\">Projektbeschreibung:<\/span><\/p><p>Das Thema Heimat besch\u00e4ftigt jeden Menschen und bietet eine gute Basis einander kennenzulernen. Ohne Vorurteile begegnen wir uns und nutzen die Ausdrucksmittel des k\u00fcnstlerischen Schaffens, um Gemeinsamkeiten und Unterschiede zu entdecken. In vier Workshops die parallel laufen, stehen alle Teilnehmer vor der gleichen Herausforderung. Wir verwenden die Fotografie, Performance, Handarbeit und die verschiedenen heimatlichen Lebensmittel, um die Barriere der Sprache zu \u00fcberbr\u00fccken. Wir wollen uns nicht einigen und auf einen Nenner kommen, sondern alle Facetten dieses Begriffs und Verst\u00e4ndnisses kennenlernen und gemeinsam zum Vorschein bringen, sowie unterschiedliche Lebensmodelle erfahren und wertsch\u00e4tzen. F\u00fcr alle Teilnehmer ist es ein neuartiges Experiment. Die Ergebnisse entstehen in Laufe eines Tages. Den Tag werden wir durch ein gemeinsames Essen, vom Kochworkshop zubereitet, ausklingen lassen. So entsteht eine Art Zusammenleben f\u00fcr einen Tag, welches als Ausgangspunkt f\u00fcr weitere gemeinsame Aktivit\u00e4ten dienen soll.<\/p><p><span style=\"text-decoration: underline;\">Die Workshops:<\/span><\/p><p>1) Fotografie: Was ist uns vertraut, was ist uns fremd? Diese Fragen wurden im Workshop bildnerisch diskutiert. Ein fotografischer Dialog erfolgte. Workshopleiter: Andr\u00e9 Helbig<\/p><p>2) Kunst im \u00f6ffentlichen Raum: Es wurden Schilder zum Thema Heimat angefertigt, die f\u00fcr eine Kunstaktion in der Stadt genutzt werden k\u00f6nnen. Workshopleiterin: Nadine Jacobi<\/p><p>3) Kochen: Hier begegneten sich Kulturen im Essen und es wurden Erfahrungen zu typisch \u201cheimatlichen\u201d Rezepten ausgetauscht. Workshopleiterinnen: Martina Sauerbrey, Swantje Ammoneit<\/p><div>\u00a0<\/div>\t\t\t\t\t\t<\/div>\n\t\t\t\t<\/div>\n\t\t\t\t\t<\/div>\n\t\t<\/div>\n\t\t\t\t<div class=\"elementor-column elementor-col-50 elementor-top-column elementor-element elementor-element-4a4e7387\" data-id=\"4a4e7387\" data-element_type=\"column\">\n\t\t\t<div class=\"elementor-widget-wrap elementor-element-populated\">\n\t\t\t\t\t\t\t\t<div class=\"elementor-element elementor-element-135cce21 elementor-widget elementor-widget-image\" data-id=\"135cce21\" data-element_type=\"widget\" data-widget_type=\"image.default\">\n\t\t\t\t<div class=\"elementor-widget-container\">\n\t\t\t\t\t\t\t\t\t\t\t\t\t\t\t<img decoding=\"async\" width=\"320\" height=\"640\" src=\"https:\/\/nadinejacobi.de\/wordpress\/wp-content\/uploads\/2021\/10\/IMG_8794.jpg\" class=\"attachment-full size-full\" alt=\"\" loading=\"lazy\" srcset=\"https:\/\/nadinejacobi.de\/wordpress\/wp-content\/uploads\/2021\/10\/IMG_8794.jpg 320w, https:\/\/nadinejacobi.de\/wordpress\/wp-content\/uploads\/2021\/10\/IMG_8794-150x300.jpg 150w\" sizes=\"(max-width: 320px) 100vw, 320px\" \/>\t\t\t\t\t\t\t\t\t\t\t\t\t\t\t<\/div>\n\t\t\t\t<\/div>\n\t\t\t\t\t<\/div>\n\t\t<\/div>\n\t\t\t\t\t\t\t<\/div>\n\t\t<\/section>\n\t\t\t\t<section class=\"elementor-section elementor-top-section elementor-element elementor-element-41202426 elementor-section-boxed elementor-section-height-default elementor-section-height-default\" data-id=\"41202426\" data-element_type=\"section\">\n\t\t\t\t\t\t<div class=\"elementor-container elementor-column-gap-default\">\n\t\t\t\t\t<div class=\"elementor-column elementor-col-100 elementor-top-column elementor-element elementor-element-8e197d2\" data-id=\"8e197d2\" data-element_type=\"column\">\n\t\t\t<div class=\"elementor-widget-wrap elementor-element-populated\">\n\t\t\t\t\t\t\t\t<div class=\"elementor-element elementor-element-1d857168 elementor-widget elementor-widget-image-gallery\" data-id=\"1d857168\" data-element_type=\"widget\" data-widget_type=\"image-gallery.default\">\n\t\t\t\t<div class=\"elementor-widget-container\">\n\t\t\t\t\t<div class=\"elementor-image-gallery\">\n\t\t\t<div id='gallery-1' class='gallery galleryid-370 gallery-columns-6 gallery-size-thumbnail'><figure class='gallery-item'>\n\t\t\t<div class='gallery-icon landscape'>\n\t\t\t\t<a data-elementor-open-lightbox=\"yes\" data-elementor-lightbox-slideshow=\"1d857168\" data-elementor-lightbox-title=\"_K5A5418 - Kopie_klein\" href='https:\/\/nadinejacobi.de\/wordpress\/wp-content\/uploads\/2021\/10\/K5A5418-Kopie_klein.jpg'><img width=\"150\" height=\"150\" src=\"https:\/\/nadinejacobi.de\/wordpress\/wp-content\/uploads\/2021\/10\/K5A5418-Kopie_klein-150x150.jpg\" class=\"attachment-thumbnail size-thumbnail\" alt=\"\" decoding=\"async\" loading=\"lazy\" srcset=\"https:\/\/nadinejacobi.de\/wordpress\/wp-content\/uploads\/2021\/10\/K5A5418-Kopie_klein-150x150.jpg 150w, https:\/\/nadinejacobi.de\/wordpress\/wp-content\/uploads\/2021\/10\/K5A5418-Kopie_klein-230x230.jpg 230w, https:\/\/nadinejacobi.de\/wordpress\/wp-content\/uploads\/2021\/10\/K5A5418-Kopie_klein-330x330.jpg 330w\" sizes=\"(max-width: 150px) 100vw, 150px\" \/><\/a>\n\t\t\t<\/div><\/figure><figure class='gallery-item'>\n\t\t\t<div class='gallery-icon landscape'>\n\t\t\t\t<a data-elementor-open-lightbox=\"yes\" data-elementor-lightbox-slideshow=\"1d857168\" data-elementor-lightbox-title=\"image6\" href='https:\/\/nadinejacobi.de\/wordpress\/wp-content\/uploads\/2021\/10\/image6.jpg'><img width=\"150\" height=\"150\" src=\"https:\/\/nadinejacobi.de\/wordpress\/wp-content\/uploads\/2021\/10\/image6-150x150.jpg\" class=\"attachment-thumbnail size-thumbnail\" alt=\"\" decoding=\"async\" loading=\"lazy\" srcset=\"https:\/\/nadinejacobi.de\/wordpress\/wp-content\/uploads\/2021\/10\/image6-150x150.jpg 150w, https:\/\/nadinejacobi.de\/wordpress\/wp-content\/uploads\/2021\/10\/image6-230x230.jpg 230w, https:\/\/nadinejacobi.de\/wordpress\/wp-content\/uploads\/2021\/10\/image6-330x330.jpg 330w\" sizes=\"(max-width: 150px) 100vw, 150px\" \/><\/a>\n\t\t\t<\/div><\/figure><figure class='gallery-item'>\n\t\t\t<div class='gallery-icon landscape'>\n\t\t\t\t<a data-elementor-open-lightbox=\"yes\" data-elementor-lightbox-slideshow=\"1d857168\" data-elementor-lightbox-title=\"_K5A5412 - Kopie_klein\" href='https:\/\/nadinejacobi.de\/wordpress\/wp-content\/uploads\/2021\/10\/K5A5412-Kopie_klein.jpg'><img width=\"150\" height=\"150\" src=\"https:\/\/nadinejacobi.de\/wordpress\/wp-content\/uploads\/2021\/10\/K5A5412-Kopie_klein-150x150.jpg\" class=\"attachment-thumbnail size-thumbnail\" alt=\"\" decoding=\"async\" loading=\"lazy\" srcset=\"https:\/\/nadinejacobi.de\/wordpress\/wp-content\/uploads\/2021\/10\/K5A5412-Kopie_klein-150x150.jpg 150w, https:\/\/nadinejacobi.de\/wordpress\/wp-content\/uploads\/2021\/10\/K5A5412-Kopie_klein-230x230.jpg 230w, https:\/\/nadinejacobi.de\/wordpress\/wp-content\/uploads\/2021\/10\/K5A5412-Kopie_klein-330x330.jpg 330w\" sizes=\"(max-width: 150px) 100vw, 150px\" \/><\/a>\n\t\t\t<\/div><\/figure><figure class='gallery-item'>\n\t\t\t<div class='gallery-icon landscape'>\n\t\t\t\t<a data-elementor-open-lightbox=\"yes\" data-elementor-lightbox-slideshow=\"1d857168\" data-elementor-lightbox-title=\"Heimaten WS 2 Advent 2016 TNetzbandt (150) - Kopie_klein\" href='https:\/\/nadinejacobi.de\/wordpress\/wp-content\/uploads\/2021\/10\/Heimaten-WS-2-Advent-2016-TNetzbandt-150-Kopie_klein.jpg'><img width=\"150\" height=\"150\" src=\"https:\/\/nadinejacobi.de\/wordpress\/wp-content\/uploads\/2021\/10\/Heimaten-WS-2-Advent-2016-TNetzbandt-150-Kopie_klein-150x150.jpg\" class=\"attachment-thumbnail size-thumbnail\" alt=\"\" decoding=\"async\" loading=\"lazy\" srcset=\"https:\/\/nadinejacobi.de\/wordpress\/wp-content\/uploads\/2021\/10\/Heimaten-WS-2-Advent-2016-TNetzbandt-150-Kopie_klein-150x150.jpg 150w, https:\/\/nadinejacobi.de\/wordpress\/wp-content\/uploads\/2021\/10\/Heimaten-WS-2-Advent-2016-TNetzbandt-150-Kopie_klein-230x230.jpg 230w, https:\/\/nadinejacobi.de\/wordpress\/wp-content\/uploads\/2021\/10\/Heimaten-WS-2-Advent-2016-TNetzbandt-150-Kopie_klein-330x330.jpg 330w\" sizes=\"(max-width: 150px) 100vw, 150px\" \/><\/a>\n\t\t\t<\/div><\/figure>\n\t\t<\/div>\n\t\t<\/div>\n\t\t\t\t<\/div>\n\t\t\t\t<\/div>\n\t\t\t\t\t<\/div>\n\t\t<\/div>\n\t\t\t\t\t\t\t<\/div>\n\t\t<\/section>\n\t\t\t\t<section class=\"elementor-section elementor-top-section elementor-element elementor-element-76a7137a elementor-section-boxed elementor-section-height-default elementor-section-height-default\" data-id=\"76a7137a\" data-element_type=\"section\">\n\t\t\t\t\t\t<div class=\"elementor-container elementor-column-gap-default\">\n\t\t\t\t\t<div class=\"elementor-column elementor-col-100 elementor-top-column elementor-element elementor-element-6494aec9\" data-id=\"6494aec9\" data-element_type=\"column\">\n\t\t\t<div class=\"elementor-widget-wrap elementor-element-populated\">\n\t\t\t\t\t\t\t\t<div class=\"elementor-element elementor-element-7d9ecdd7 elementor-widget-divider--view-line elementor-widget elementor-widget-divider\" data-id=\"7d9ecdd7\" data-element_type=\"widget\" data-widget_type=\"divider.default\">\n\t\t\t\t<div class=\"elementor-widget-container\">\n\t\t\t\t\t<div class=\"elementor-divider\">\n\t\t\t<span class=\"elementor-divider-separator\">\n\t\t\t\t\t\t<\/span>\n\t\t<\/div>\n\t\t\t\t<\/div>\n\t\t\t\t<\/div>\n\t\t\t\t\t<\/div>\n\t\t<\/div>\n\t\t\t\t\t\t\t<\/div>\n\t\t<\/section>\n\t\t\t\t<section class=\"elementor-section elementor-top-section elementor-element elementor-element-27585fa9 elementor-section-boxed elementor-section-height-default elementor-section-height-default\" data-id=\"27585fa9\" data-element_type=\"section\">\n\t\t\t\t\t\t<div class=\"elementor-container elementor-column-gap-default\">\n\t\t\t\t\t<div class=\"elementor-column elementor-col-100 elementor-top-column elementor-element elementor-element-4f53d6e7\" data-id=\"4f53d6e7\" data-element_type=\"column\">\n\t\t\t<div class=\"elementor-widget-wrap elementor-element-populated\">\n\t\t\t\t\t\t\t\t<div class=\"elementor-element elementor-element-6c6734cd elementor-widget elementor-widget-button\" data-id=\"6c6734cd\" data-element_type=\"widget\" data-widget_type=\"button.default\">\n\t\t\t\t<div class=\"elementor-widget-container\">\n\t\t\t\t\t<div class=\"elementor-button-wrapper\">\n\t\t\t<a href=\"#\" class=\"elementor-button-link elementor-button elementor-size-sm\" role=\"button\">\n\t\t\t\t\t\t<span class=\"elementor-button-content-wrapper\">\n\t\t\t\t\t\t<span class=\"elementor-button-text\">Zur\u00fcck zur \u00dcbersicht<\/span>\n\t\t<\/span>\n\t\t\t\t\t<\/a>\n\t\t<\/div>\n\t\t\t\t<\/div>\n\t\t\t\t<\/div>\n\t\t\t\t\t<\/div>\n\t\t<\/div>\n\t\t\t\t\t\t\t<\/div>\n\t\t<\/section>\n\t\t\t\t\t\t<\/div>\n\t\t\t\t\t<\/div>\n\t\t","protected":false},"excerpt":{"rendered":"<p>HEIMATen &#8211; Wir schaffen uns ein Heim Ein Projekt des Freie B\u00fchne Jena e. V. in Kooperation mit dem Kunsthof Jena, der B\u00fcrgerstiftung Jena, den Ankommenspaten und dem Kult\u00fcrmchen. Am 4.12.2016 haben wir uns in 3 parallel laufenden Workshops kreativ<\/p>\n","protected":false},"author":1,"featured_media":0,"parent":30,"menu_order":0,"comment_status":"closed","ping_status":"closed","template":"","meta":[],"_links":{"self":[{"href":"https:\/\/nadinejacobi.de\/wordpress\/wp-json\/wp\/v2\/pages\/370"}],"collection":[{"href":"https:\/\/nadinejacobi.de\/wordpress\/wp-json\/wp\/v2\/pages"}],"about":[{"href":"https:\/\/nadinejacobi.de\/wordpress\/wp-json\/wp\/v2\/types\/page"}],"author":[{"embeddable":true,"href":"https:\/\/nadinejacobi.de\/wordpress\/wp-json\/wp\/v2\/users\/1"}],"replies":[{"embeddable":true,"href":"https:\/\/nadinejacobi.de\/wordpress\/wp-json\/wp\/v2\/comments?post=370"}],"version-history":[{"count":10,"href":"https:\/\/nadinejacobi.de\/wordpress\/wp-json\/wp\/v2\/pages\/370\/revisions"}],"predecessor-version":[{"id":445,"href":"https:\/\/nadinejacobi.de\/wordpress\/wp-json\/wp\/v2\/pages\/370\/revisions\/445"}],"up":[{"embeddable":true,"href":"https:\/\/nadinejacobi.de\/wordpress\/wp-json\/wp\/v2\/pages\/30"}],"wp:attachment":[{"href":"https:\/\/nadinejacobi.de\/wordpress\/wp-json\/wp\/v2\/media?parent=370"}],"curies":[{"name":"wp","href":"https:\/\/api.w.org\/{rel}","templated":true}]}}