{"id":28,"date":"2021-09-26T18:24:14","date_gmt":"2021-09-26T16:24:14","guid":{"rendered":"http:\/\/nadinejacobi.de\/wordpress\/?page_id=28"},"modified":"2023-02-21T18:14:30","modified_gmt":"2023-02-21T17:14:30","slug":"arbeiten","status":"publish","type":"page","link":"http:\/\/nadinejacobi.de\/wordpress\/arbeiten\/","title":{"rendered":"Arbeiten"},"content":{"rendered":"\t\t<div data-elementor-type=\"wp-page\" data-elementor-id=\"28\" class=\"elementor elementor-28\" data-elementor-settings=\"[]\">\n\t\t\t\t\t\t\t<div class=\"elementor-section-wrap\">\n\t\t\t\t\t\t\t<section class=\"elementor-section elementor-top-section elementor-element elementor-element-515cc71 elementor-section-boxed elementor-section-height-default elementor-section-height-default\" data-id=\"515cc71\" data-element_type=\"section\">\n\t\t\t\t\t\t<div class=\"elementor-container elementor-column-gap-default\">\n\t\t\t\t\t<div class=\"elementor-column elementor-col-25 elementor-top-column elementor-element elementor-element-2d6b100\" data-id=\"2d6b100\" data-element_type=\"column\">\n\t\t\t<div class=\"elementor-widget-wrap elementor-element-populated\">\n\t\t\t\t\t\t\t\t<div class=\"elementor-element elementor-element-59f3ff6 elementor-widget elementor-widget-image\" data-id=\"59f3ff6\" data-element_type=\"widget\" data-widget_type=\"image.default\">\n\t\t\t\t<div class=\"elementor-widget-container\">\n\t\t\t\t\t\t\t\t\t\t\t\t<figure class=\"wp-caption\">\n\t\t\t\t\t\t\t\t\t\t\t<a href=\"http:\/\/nadinejacobi.de\/wordpress\/arbeiten\/heimatgespraeche\/\">\n\t\t\t\t\t\t\t<img decoding=\"async\" width=\"300\" height=\"300\" src=\"http:\/\/nadinejacobi.de\/wordpress\/wp-content\/uploads\/2021\/10\/thumb_IMG_0026_1024_Vorschau-300x300.jpg\" class=\"attachment-medium size-medium\" alt=\"\" loading=\"lazy\" srcset=\"http:\/\/nadinejacobi.de\/wordpress\/wp-content\/uploads\/2021\/10\/thumb_IMG_0026_1024_Vorschau-300x300.jpg 300w, http:\/\/nadinejacobi.de\/wordpress\/wp-content\/uploads\/2021\/10\/thumb_IMG_0026_1024_Vorschau-150x150.jpg 150w, http:\/\/nadinejacobi.de\/wordpress\/wp-content\/uploads\/2021\/10\/thumb_IMG_0026_1024_Vorschau-230x230.jpg 230w, http:\/\/nadinejacobi.de\/wordpress\/wp-content\/uploads\/2021\/10\/thumb_IMG_0026_1024_Vorschau-330x330.jpg 330w, http:\/\/nadinejacobi.de\/wordpress\/wp-content\/uploads\/2021\/10\/thumb_IMG_0026_1024_Vorschau.jpg 768w\" sizes=\"(max-width: 300px) 100vw, 300px\" \/>\t\t\t\t\t\t\t\t<\/a>\n\t\t\t\t\t\t\t\t\t\t\t<figcaption class=\"widget-image-caption wp-caption-text\">Heimatgespr\u00e4che<\/figcaption>\n\t\t\t\t\t\t\t\t\t\t<\/figure>\n\t\t\t\t\t\t\t\t\t<\/div>\n\t\t\t\t<\/div>\n\t\t\t\t\t<\/div>\n\t\t<\/div>\n\t\t\t\t<div class=\"elementor-column elementor-col-25 elementor-top-column elementor-element elementor-element-8c41dfe\" data-id=\"8c41dfe\" data-element_type=\"column\">\n\t\t\t<div class=\"elementor-widget-wrap elementor-element-populated\">\n\t\t\t\t\t\t\t\t<div class=\"elementor-element elementor-element-f9d09d6 elementor-widget elementor-widget-image\" data-id=\"f9d09d6\" data-element_type=\"widget\" data-widget_type=\"image.default\">\n\t\t\t\t<div class=\"elementor-widget-container\">\n\t\t\t\t\t\t\t\t\t\t\t\t<figure class=\"wp-caption\">\n\t\t\t\t\t\t\t\t\t\t\t<a href=\"http:\/\/nadinejacobi.de\/wordpress\/arbeiten\/das-monstroese-der-geistigen-liebe\/\">\n\t\t\t\t\t\t\t<img decoding=\"async\" width=\"300\" height=\"300\" src=\"http:\/\/nadinejacobi.de\/wordpress\/wp-content\/uploads\/2021\/10\/IMG_0834_Vorschau-300x300.jpg\" class=\"attachment-medium size-medium\" alt=\"\" loading=\"lazy\" srcset=\"http:\/\/nadinejacobi.de\/wordpress\/wp-content\/uploads\/2021\/10\/IMG_0834_Vorschau-300x300.jpg 300w, http:\/\/nadinejacobi.de\/wordpress\/wp-content\/uploads\/2021\/10\/IMG_0834_Vorschau-1024x1024.jpg 1024w, http:\/\/nadinejacobi.de\/wordpress\/wp-content\/uploads\/2021\/10\/IMG_0834_Vorschau-150x150.jpg 150w, http:\/\/nadinejacobi.de\/wordpress\/wp-content\/uploads\/2021\/10\/IMG_0834_Vorschau-768x768.jpg 768w, http:\/\/nadinejacobi.de\/wordpress\/wp-content\/uploads\/2021\/10\/IMG_0834_Vorschau-1536x1536.jpg 1536w, http:\/\/nadinejacobi.de\/wordpress\/wp-content\/uploads\/2021\/10\/IMG_0834_Vorschau-230x230.jpg 230w, http:\/\/nadinejacobi.de\/wordpress\/wp-content\/uploads\/2021\/10\/IMG_0834_Vorschau-330x330.jpg 330w, http:\/\/nadinejacobi.de\/wordpress\/wp-content\/uploads\/2021\/10\/IMG_0834_Vorschau.jpg 1936w\" sizes=\"(max-width: 300px) 100vw, 300px\" \/>\t\t\t\t\t\t\t\t<\/a>\n\t\t\t\t\t\t\t\t\t\t\t<figcaption class=\"widget-image-caption wp-caption-text\">Das Monstr\u00f6se der geistigen Liebe<\/figcaption>\n\t\t\t\t\t\t\t\t\t\t<\/figure>\n\t\t\t\t\t\t\t\t\t<\/div>\n\t\t\t\t<\/div>\n\t\t\t\t\t<\/div>\n\t\t<\/div>\n\t\t\t\t<div class=\"elementor-column elementor-col-25 elementor-top-column elementor-element elementor-element-e4a6648\" data-id=\"e4a6648\" data-element_type=\"column\">\n\t\t\t<div class=\"elementor-widget-wrap elementor-element-populated\">\n\t\t\t\t\t\t\t\t<div class=\"elementor-element elementor-element-a9ed107 elementor-widget elementor-widget-image\" data-id=\"a9ed107\" data-element_type=\"widget\" data-widget_type=\"image.default\">\n\t\t\t\t<div class=\"elementor-widget-container\">\n\t\t\t\t\t\t\t\t\t\t\t\t<figure class=\"wp-caption\">\n\t\t\t\t\t\t\t\t\t\t\t<a href=\"http:\/\/nadinejacobi.de\/wordpress\/arbeiten\/poetische-spaziergaenge\/\">\n\t\t\t\t\t\t\t<img decoding=\"async\" width=\"300\" height=\"300\" src=\"http:\/\/nadinejacobi.de\/wordpress\/wp-content\/uploads\/2021\/10\/IMG_3306-2_vorschau-300x300.jpg\" class=\"attachment-medium size-medium\" alt=\"\" loading=\"lazy\" srcset=\"http:\/\/nadinejacobi.de\/wordpress\/wp-content\/uploads\/2021\/10\/IMG_3306-2_vorschau-300x300.jpg 300w, http:\/\/nadinejacobi.de\/wordpress\/wp-content\/uploads\/2021\/10\/IMG_3306-2_vorschau-1024x1024.jpg 1024w, http:\/\/nadinejacobi.de\/wordpress\/wp-content\/uploads\/2021\/10\/IMG_3306-2_vorschau-150x150.jpg 150w, http:\/\/nadinejacobi.de\/wordpress\/wp-content\/uploads\/2021\/10\/IMG_3306-2_vorschau-768x768.jpg 768w, http:\/\/nadinejacobi.de\/wordpress\/wp-content\/uploads\/2021\/10\/IMG_3306-2_vorschau-230x230.jpg 230w, http:\/\/nadinejacobi.de\/wordpress\/wp-content\/uploads\/2021\/10\/IMG_3306-2_vorschau-330x330.jpg 330w, http:\/\/nadinejacobi.de\/wordpress\/wp-content\/uploads\/2021\/10\/IMG_3306-2_vorschau.jpg 1080w\" sizes=\"(max-width: 300px) 100vw, 300px\" \/>\t\t\t\t\t\t\t\t<\/a>\n\t\t\t\t\t\t\t\t\t\t\t<figcaption class=\"widget-image-caption wp-caption-text\">poetische Spazierg\u00e4nge<\/figcaption>\n\t\t\t\t\t\t\t\t\t\t<\/figure>\n\t\t\t\t\t\t\t\t\t<\/div>\n\t\t\t\t<\/div>\n\t\t\t\t\t<\/div>\n\t\t<\/div>\n\t\t\t\t<div class=\"elementor-column elementor-col-25 elementor-top-column elementor-element elementor-element-0ef806c\" data-id=\"0ef806c\" data-element_type=\"column\">\n\t\t\t<div class=\"elementor-widget-wrap elementor-element-populated\">\n\t\t\t\t\t\t\t\t<div class=\"elementor-element elementor-element-34c768e elementor-widget elementor-widget-image\" data-id=\"34c768e\" data-element_type=\"widget\" data-widget_type=\"image.default\">\n\t\t\t\t<div class=\"elementor-widget-container\">\n\t\t\t\t\t\t\t\t\t\t\t\t<figure class=\"wp-caption\">\n\t\t\t\t\t\t\t\t\t\t\t<a href=\"http:\/\/nadinejacobi.de\/wordpress\/arbeiten\/waiting-for-tugends\/\">\n\t\t\t\t\t\t\t<img decoding=\"async\" width=\"300\" height=\"300\" src=\"http:\/\/nadinejacobi.de\/wordpress\/wp-content\/uploads\/2021\/10\/thumb_20190727_104053_1024_vorschau-300x300.jpg\" class=\"attachment-medium size-medium\" alt=\"\" loading=\"lazy\" srcset=\"http:\/\/nadinejacobi.de\/wordpress\/wp-content\/uploads\/2021\/10\/thumb_20190727_104053_1024_vorschau-300x300.jpg 300w, http:\/\/nadinejacobi.de\/wordpress\/wp-content\/uploads\/2021\/10\/thumb_20190727_104053_1024_vorschau-150x150.jpg 150w, http:\/\/nadinejacobi.de\/wordpress\/wp-content\/uploads\/2021\/10\/thumb_20190727_104053_1024_vorschau-230x230.jpg 230w, http:\/\/nadinejacobi.de\/wordpress\/wp-content\/uploads\/2021\/10\/thumb_20190727_104053_1024_vorschau-330x330.jpg 330w, http:\/\/nadinejacobi.de\/wordpress\/wp-content\/uploads\/2021\/10\/thumb_20190727_104053_1024_vorschau.jpg 665w\" sizes=\"(max-width: 300px) 100vw, 300px\" \/>\t\t\t\t\t\t\t\t<\/a>\n\t\t\t\t\t\t\t\t\t\t\t<figcaption class=\"widget-image-caption wp-caption-text\">Waiting for Tugends<\/figcaption>\n\t\t\t\t\t\t\t\t\t\t<\/figure>\n\t\t\t\t\t\t\t\t\t<\/div>\n\t\t\t\t<\/div>\n\t\t\t\t\t<\/div>\n\t\t<\/div>\n\t\t\t\t\t\t\t<\/div>\n\t\t<\/section>\n\t\t\t\t<section class=\"elementor-section elementor-top-section elementor-element elementor-element-aaf7a50 elementor-section-boxed elementor-section-height-default elementor-section-height-default\" data-id=\"aaf7a50\" data-element_type=\"section\">\n\t\t\t\t\t\t<div class=\"elementor-container elementor-column-gap-default\">\n\t\t\t\t\t<div class=\"elementor-column elementor-col-25 elementor-top-column elementor-element elementor-element-511aabf\" data-id=\"511aabf\" data-element_type=\"column\">\n\t\t\t<div class=\"elementor-widget-wrap elementor-element-populated\">\n\t\t\t\t\t\t\t\t<div class=\"elementor-element elementor-element-49dad46 elementor-widget elementor-widget-image\" data-id=\"49dad46\" data-element_type=\"widget\" data-widget_type=\"image.default\">\n\t\t\t\t<div class=\"elementor-widget-container\">\n\t\t\t\t\t\t\t\t\t\t\t\t<figure class=\"wp-caption\">\n\t\t\t\t\t\t\t\t\t\t\t<a href=\"http:\/\/nadinejacobi.de\/wordpress\/arbeiten\/skalierung-eines-strichs\/\">\n\t\t\t\t\t\t\t<img decoding=\"async\" width=\"300\" height=\"300\" src=\"http:\/\/nadinejacobi.de\/wordpress\/wp-content\/uploads\/2021\/10\/01_vorschau-300x300.jpg\" class=\"attachment-medium size-medium\" alt=\"\" loading=\"lazy\" srcset=\"http:\/\/nadinejacobi.de\/wordpress\/wp-content\/uploads\/2021\/10\/01_vorschau-300x300.jpg 300w, http:\/\/nadinejacobi.de\/wordpress\/wp-content\/uploads\/2021\/10\/01_vorschau-1024x1024.jpg 1024w, http:\/\/nadinejacobi.de\/wordpress\/wp-content\/uploads\/2021\/10\/01_vorschau-150x150.jpg 150w, http:\/\/nadinejacobi.de\/wordpress\/wp-content\/uploads\/2021\/10\/01_vorschau-768x768.jpg 768w, http:\/\/nadinejacobi.de\/wordpress\/wp-content\/uploads\/2021\/10\/01_vorschau-1536x1536.jpg 1536w, http:\/\/nadinejacobi.de\/wordpress\/wp-content\/uploads\/2021\/10\/01_vorschau-2048x2048.jpg 2048w, http:\/\/nadinejacobi.de\/wordpress\/wp-content\/uploads\/2021\/10\/01_vorschau-230x230.jpg 230w, http:\/\/nadinejacobi.de\/wordpress\/wp-content\/uploads\/2021\/10\/01_vorschau-330x330.jpg 330w\" sizes=\"(max-width: 300px) 100vw, 300px\" \/>\t\t\t\t\t\t\t\t<\/a>\n\t\t\t\t\t\t\t\t\t\t\t<figcaption class=\"widget-image-caption wp-caption-text\">Skalierung eines Strichs<\/figcaption>\n\t\t\t\t\t\t\t\t\t\t<\/figure>\n\t\t\t\t\t\t\t\t\t<\/div>\n\t\t\t\t<\/div>\n\t\t\t\t\t<\/div>\n\t\t<\/div>\n\t\t\t\t<div class=\"elementor-column elementor-col-25 elementor-top-column elementor-element elementor-element-c95b4a6\" data-id=\"c95b4a6\" data-element_type=\"column\">\n\t\t\t<div class=\"elementor-widget-wrap elementor-element-populated\">\n\t\t\t\t\t\t\t\t<div class=\"elementor-element elementor-element-5a07bc7 elementor-widget elementor-widget-image\" data-id=\"5a07bc7\" data-element_type=\"widget\" data-widget_type=\"image.default\">\n\t\t\t\t<div class=\"elementor-widget-container\">\n\t\t\t\t\t\t\t\t\t\t\t\t<figure class=\"wp-caption\">\n\t\t\t\t\t\t\t\t\t\t\t<a href=\"http:\/\/nadinejacobi.de\/wordpress\/arbeiten\/ueberlagerungen\/\">\n\t\t\t\t\t\t\t<img decoding=\"async\" width=\"300\" height=\"300\" src=\"http:\/\/nadinejacobi.de\/wordpress\/wp-content\/uploads\/2021\/10\/IMG_3168_vorschau-300x300.jpg\" class=\"attachment-medium size-medium\" alt=\"\" loading=\"lazy\" srcset=\"http:\/\/nadinejacobi.de\/wordpress\/wp-content\/uploads\/2021\/10\/IMG_3168_vorschau-300x300.jpg 300w, http:\/\/nadinejacobi.de\/wordpress\/wp-content\/uploads\/2021\/10\/IMG_3168_vorschau-1024x1024.jpg 1024w, http:\/\/nadinejacobi.de\/wordpress\/wp-content\/uploads\/2021\/10\/IMG_3168_vorschau-150x150.jpg 150w, http:\/\/nadinejacobi.de\/wordpress\/wp-content\/uploads\/2021\/10\/IMG_3168_vorschau-768x768.jpg 768w, http:\/\/nadinejacobi.de\/wordpress\/wp-content\/uploads\/2021\/10\/IMG_3168_vorschau-230x230.jpg 230w, http:\/\/nadinejacobi.de\/wordpress\/wp-content\/uploads\/2021\/10\/IMG_3168_vorschau-330x330.jpg 330w, http:\/\/nadinejacobi.de\/wordpress\/wp-content\/uploads\/2021\/10\/IMG_3168_vorschau.jpg 1080w\" sizes=\"(max-width: 300px) 100vw, 300px\" \/>\t\t\t\t\t\t\t\t<\/a>\n\t\t\t\t\t\t\t\t\t\t\t<figcaption class=\"widget-image-caption wp-caption-text\">\u00dcberlagerungen<\/figcaption>\n\t\t\t\t\t\t\t\t\t\t<\/figure>\n\t\t\t\t\t\t\t\t\t<\/div>\n\t\t\t\t<\/div>\n\t\t\t\t\t<\/div>\n\t\t<\/div>\n\t\t\t\t<div class=\"elementor-column elementor-col-25 elementor-top-column elementor-element elementor-element-c8b762a\" data-id=\"c8b762a\" data-element_type=\"column\">\n\t\t\t<div class=\"elementor-widget-wrap elementor-element-populated\">\n\t\t\t\t\t\t\t\t<div class=\"elementor-element elementor-element-c7f393e elementor-widget elementor-widget-image\" data-id=\"c7f393e\" data-element_type=\"widget\" data-widget_type=\"image.default\">\n\t\t\t\t<div class=\"elementor-widget-container\">\n\t\t\t\t\t\t\t\t\t\t\t\t<figure class=\"wp-caption\">\n\t\t\t\t\t\t\t\t\t\t\t<a href=\"http:\/\/nadinejacobi.de\/wordpress\/arbeiten\/7-tage-gespraech\/\">\n\t\t\t\t\t\t\t<img decoding=\"async\" width=\"710\" height=\"710\" src=\"http:\/\/nadinejacobi.de\/wordpress\/wp-content\/uploads\/2021\/10\/IMG_3280_vorschau-1024x1024.jpg\" class=\"attachment-large size-large\" alt=\"\" loading=\"lazy\" srcset=\"http:\/\/nadinejacobi.de\/wordpress\/wp-content\/uploads\/2021\/10\/IMG_3280_vorschau-1024x1024.jpg 1024w, http:\/\/nadinejacobi.de\/wordpress\/wp-content\/uploads\/2021\/10\/IMG_3280_vorschau-300x300.jpg 300w, http:\/\/nadinejacobi.de\/wordpress\/wp-content\/uploads\/2021\/10\/IMG_3280_vorschau-150x150.jpg 150w, http:\/\/nadinejacobi.de\/wordpress\/wp-content\/uploads\/2021\/10\/IMG_3280_vorschau-768x768.jpg 768w, http:\/\/nadinejacobi.de\/wordpress\/wp-content\/uploads\/2021\/10\/IMG_3280_vorschau-230x230.jpg 230w, http:\/\/nadinejacobi.de\/wordpress\/wp-content\/uploads\/2021\/10\/IMG_3280_vorschau-330x330.jpg 330w, http:\/\/nadinejacobi.de\/wordpress\/wp-content\/uploads\/2021\/10\/IMG_3280_vorschau.jpg 1080w\" sizes=\"(max-width: 710px) 100vw, 710px\" \/>\t\t\t\t\t\t\t\t<\/a>\n\t\t\t\t\t\t\t\t\t\t\t<figcaption class=\"widget-image-caption wp-caption-text\">7 Tage Gespr\u00e4ch<\/figcaption>\n\t\t\t\t\t\t\t\t\t\t<\/figure>\n\t\t\t\t\t\t\t\t\t<\/div>\n\t\t\t\t<\/div>\n\t\t\t\t\t<\/div>\n\t\t<\/div>\n\t\t\t\t<div class=\"elementor-column elementor-col-25 elementor-top-column elementor-element elementor-element-114b722\" data-id=\"114b722\" data-element_type=\"column\">\n\t\t\t<div class=\"elementor-widget-wrap elementor-element-populated\">\n\t\t\t\t\t\t\t\t<div class=\"elementor-element elementor-element-fb82d25 elementor-widget elementor-widget-image\" data-id=\"fb82d25\" data-element_type=\"widget\" data-widget_type=\"image.default\">\n\t\t\t\t<div class=\"elementor-widget-container\">\n\t\t\t\t\t\t\t\t\t\t\t\t<figure class=\"wp-caption\">\n\t\t\t\t\t\t\t\t\t\t\t<a href=\"http:\/\/nadinejacobi.de\/wordpress\/arbeiten\/waiting-for-tugends-2\/\">\n\t\t\t\t\t\t\t<img decoding=\"async\" width=\"710\" height=\"710\" src=\"http:\/\/nadinejacobi.de\/wordpress\/wp-content\/uploads\/2021\/10\/20210724_120802_HDR_klein-e1635550414936-1024x1024.jpg\" class=\"attachment-large size-large\" alt=\"\" loading=\"lazy\" srcset=\"http:\/\/nadinejacobi.de\/wordpress\/wp-content\/uploads\/2021\/10\/20210724_120802_HDR_klein-e1635550414936-1024x1024.jpg 1024w, http:\/\/nadinejacobi.de\/wordpress\/wp-content\/uploads\/2021\/10\/20210724_120802_HDR_klein-e1635550414936-300x300.jpg 300w, http:\/\/nadinejacobi.de\/wordpress\/wp-content\/uploads\/2021\/10\/20210724_120802_HDR_klein-e1635550414936-150x150.jpg 150w, http:\/\/nadinejacobi.de\/wordpress\/wp-content\/uploads\/2021\/10\/20210724_120802_HDR_klein-e1635550414936-768x768.jpg 768w, http:\/\/nadinejacobi.de\/wordpress\/wp-content\/uploads\/2021\/10\/20210724_120802_HDR_klein-e1635550414936-230x230.jpg 230w, http:\/\/nadinejacobi.de\/wordpress\/wp-content\/uploads\/2021\/10\/20210724_120802_HDR_klein-e1635550414936-330x330.jpg 330w, http:\/\/nadinejacobi.de\/wordpress\/wp-content\/uploads\/2021\/10\/20210724_120802_HDR_klein-e1635550414936.jpg 1080w\" sizes=\"(max-width: 710px) 100vw, 710px\" \/>\t\t\t\t\t\t\t\t<\/a>\n\t\t\t\t\t\t\t\t\t\t\t<figcaption class=\"widget-image-caption wp-caption-text\">Waiting for Tugends 2<\/figcaption>\n\t\t\t\t\t\t\t\t\t\t<\/figure>\n\t\t\t\t\t\t\t\t\t<\/div>\n\t\t\t\t<\/div>\n\t\t\t\t\t<\/div>\n\t\t<\/div>\n\t\t\t\t\t\t\t<\/div>\n\t\t<\/section>\n\t\t\t\t<section class=\"elementor-section elementor-top-section elementor-element elementor-element-85b1313 elementor-section-boxed elementor-section-height-default elementor-section-height-default\" data-id=\"85b1313\" data-element_type=\"section\">\n\t\t\t\t\t\t<div class=\"elementor-container elementor-column-gap-default\">\n\t\t\t\t\t<div class=\"elementor-column elementor-col-25 elementor-top-column elementor-element elementor-element-41a3d72\" data-id=\"41a3d72\" data-element_type=\"column\">\n\t\t\t<div class=\"elementor-widget-wrap elementor-element-populated\">\n\t\t\t\t\t\t\t\t<div class=\"elementor-element elementor-element-67f59f0 elementor-widget elementor-widget-image\" data-id=\"67f59f0\" data-element_type=\"widget\" data-widget_type=\"image.default\">\n\t\t\t\t<div class=\"elementor-widget-container\">\n\t\t\t\t\t\t\t\t\t\t\t\t<figure class=\"wp-caption\">\n\t\t\t\t\t\t\t\t\t\t<img decoding=\"async\" width=\"300\" height=\"226\" src=\"http:\/\/nadinejacobi.de\/wordpress\/wp-content\/uploads\/2022\/11\/IMG_9320-300x226.jpg\" class=\"attachment-medium size-medium\" alt=\"\" loading=\"lazy\" srcset=\"http:\/\/nadinejacobi.de\/wordpress\/wp-content\/uploads\/2022\/11\/IMG_9320-300x226.jpg 300w, http:\/\/nadinejacobi.de\/wordpress\/wp-content\/uploads\/2022\/11\/IMG_9320-1024x772.jpg 1024w, http:\/\/nadinejacobi.de\/wordpress\/wp-content\/uploads\/2022\/11\/IMG_9320-768x579.jpg 768w, http:\/\/nadinejacobi.de\/wordpress\/wp-content\/uploads\/2022\/11\/IMG_9320-1536x1159.jpg 1536w, http:\/\/nadinejacobi.de\/wordpress\/wp-content\/uploads\/2022\/11\/IMG_9320-2048x1545.jpg 2048w\" sizes=\"(max-width: 300px) 100vw, 300px\" \/>\t\t\t\t\t\t\t\t\t\t\t<figcaption class=\"widget-image-caption wp-caption-text\">Vier Felder einer Entscheidung<\/figcaption>\n\t\t\t\t\t\t\t\t\t\t<\/figure>\n\t\t\t\t\t\t\t\t\t<\/div>\n\t\t\t\t<\/div>\n\t\t\t\t\t<\/div>\n\t\t<\/div>\n\t\t\t\t<div class=\"elementor-column elementor-col-25 elementor-top-column elementor-element elementor-element-fc786c2\" data-id=\"fc786c2\" data-element_type=\"column\">\n\t\t\t<div class=\"elementor-widget-wrap elementor-element-populated\">\n\t\t\t\t\t\t\t\t<div class=\"elementor-element elementor-element-18a98c7 elementor-widget elementor-widget-image\" data-id=\"18a98c7\" data-element_type=\"widget\" data-widget_type=\"image.default\">\n\t\t\t\t<div class=\"elementor-widget-container\">\n\t\t\t\t\t\t\t\t\t\t\t\t<figure class=\"wp-caption\">\n\t\t\t\t\t\t\t\t\t\t<img decoding=\"async\" width=\"300\" height=\"296\" src=\"http:\/\/nadinejacobi.de\/wordpress\/wp-content\/uploads\/2022\/11\/IMG_6152-300x296.jpg\" class=\"attachment-medium size-medium\" alt=\"\" loading=\"lazy\" srcset=\"http:\/\/nadinejacobi.de\/wordpress\/wp-content\/uploads\/2022\/11\/IMG_6152-300x296.jpg 300w, http:\/\/nadinejacobi.de\/wordpress\/wp-content\/uploads\/2022\/11\/IMG_6152-1024x1010.jpg 1024w, http:\/\/nadinejacobi.de\/wordpress\/wp-content\/uploads\/2022\/11\/IMG_6152-768x758.jpg 768w, http:\/\/nadinejacobi.de\/wordpress\/wp-content\/uploads\/2022\/11\/IMG_6152-1536x1516.jpg 1536w, http:\/\/nadinejacobi.de\/wordpress\/wp-content\/uploads\/2022\/11\/IMG_6152-2048x2021.jpg 2048w\" sizes=\"(max-width: 300px) 100vw, 300px\" \/>\t\t\t\t\t\t\t\t\t\t\t<figcaption class=\"widget-image-caption wp-caption-text\">Dialoge mit der Natur<\/figcaption>\n\t\t\t\t\t\t\t\t\t\t<\/figure>\n\t\t\t\t\t\t\t\t\t<\/div>\n\t\t\t\t<\/div>\n\t\t\t\t\t<\/div>\n\t\t<\/div>\n\t\t\t\t<div class=\"elementor-column elementor-col-25 elementor-top-column elementor-element elementor-element-68281d1\" data-id=\"68281d1\" data-element_type=\"column\">\n\t\t\t<div class=\"elementor-widget-wrap elementor-element-populated\">\n\t\t\t\t\t\t\t\t<div class=\"elementor-element elementor-element-251e773 elementor-widget elementor-widget-image\" data-id=\"251e773\" data-element_type=\"widget\" data-widget_type=\"image.default\">\n\t\t\t\t<div class=\"elementor-widget-container\">\n\t\t\t\t\t\t\t\t\t\t\t\t<figure class=\"wp-caption\">\n\t\t\t\t\t\t\t\t\t\t<img decoding=\"async\" width=\"300\" height=\"295\" src=\"http:\/\/nadinejacobi.de\/wordpress\/wp-content\/uploads\/2022\/11\/IMG_9360_1-web-300x295.jpg\" class=\"attachment-medium size-medium\" alt=\"\" loading=\"lazy\" srcset=\"http:\/\/nadinejacobi.de\/wordpress\/wp-content\/uploads\/2022\/11\/IMG_9360_1-web-300x295.jpg 300w, http:\/\/nadinejacobi.de\/wordpress\/wp-content\/uploads\/2022\/11\/IMG_9360_1-web-1024x1005.jpg 1024w, http:\/\/nadinejacobi.de\/wordpress\/wp-content\/uploads\/2022\/11\/IMG_9360_1-web-768x754.jpg 768w, http:\/\/nadinejacobi.de\/wordpress\/wp-content\/uploads\/2022\/11\/IMG_9360_1-web-1536x1508.jpg 1536w, http:\/\/nadinejacobi.de\/wordpress\/wp-content\/uploads\/2022\/11\/IMG_9360_1-web-2048x2011.jpg 2048w\" sizes=\"(max-width: 300px) 100vw, 300px\" \/>\t\t\t\t\t\t\t\t\t\t\t<figcaption class=\"widget-image-caption wp-caption-text\">\u00dcbertragungen<\/figcaption>\n\t\t\t\t\t\t\t\t\t\t<\/figure>\n\t\t\t\t\t\t\t\t\t<\/div>\n\t\t\t\t<\/div>\n\t\t\t\t\t<\/div>\n\t\t<\/div>\n\t\t\t\t<div class=\"elementor-column elementor-col-25 elementor-top-column elementor-element elementor-element-3f8dca7\" data-id=\"3f8dca7\" data-element_type=\"column\">\n\t\t\t<div class=\"elementor-widget-wrap elementor-element-populated\">\n\t\t\t\t\t\t\t\t<div class=\"elementor-element elementor-element-14f37b9 elementor-widget elementor-widget-image\" data-id=\"14f37b9\" data-element_type=\"widget\" data-widget_type=\"image.default\">\n\t\t\t\t<div class=\"elementor-widget-container\">\n\t\t\t\t\t\t\t\t\t\t\t\t<figure class=\"wp-caption\">\n\t\t\t\t\t\t\t\t\t\t<img decoding=\"async\" width=\"710\" height=\"494\" src=\"http:\/\/nadinejacobi.de\/wordpress\/wp-content\/uploads\/2022\/11\/IMG_9306-1024x713.jpg\" class=\"attachment-large size-large\" alt=\"\" loading=\"lazy\" srcset=\"http:\/\/nadinejacobi.de\/wordpress\/wp-content\/uploads\/2022\/11\/IMG_9306-1024x713.jpg 1024w, http:\/\/nadinejacobi.de\/wordpress\/wp-content\/uploads\/2022\/11\/IMG_9306-300x209.jpg 300w, http:\/\/nadinejacobi.de\/wordpress\/wp-content\/uploads\/2022\/11\/IMG_9306-768x535.jpg 768w, http:\/\/nadinejacobi.de\/wordpress\/wp-content\/uploads\/2022\/11\/IMG_9306-1536x1070.jpg 1536w, http:\/\/nadinejacobi.de\/wordpress\/wp-content\/uploads\/2022\/11\/IMG_9306-2048x1426.jpg 2048w\" sizes=\"(max-width: 710px) 100vw, 710px\" \/>\t\t\t\t\t\t\t\t\t\t\t<figcaption class=\"widget-image-caption wp-caption-text\">In die Obhut der Natur h\u00f6ren<\/figcaption>\n\t\t\t\t\t\t\t\t\t\t<\/figure>\n\t\t\t\t\t\t\t\t\t<\/div>\n\t\t\t\t<\/div>\n\t\t\t\t<div class=\"elementor-element elementor-element-f3ac9cc elementor-widget elementor-widget-image\" data-id=\"f3ac9cc\" data-element_type=\"widget\" data-widget_type=\"image.default\">\n\t\t\t\t<div class=\"elementor-widget-container\">\n\t\t\t\t\t\t\t\t\t\t\t\t<figure class=\"wp-caption\">\n\t\t\t\t\t\t\t\t\t\t\t<a href=\"http:\/\/nadinejacobi.de\/wordpress\/arbeiten\/das-monstroese-der-geistigen-liebe\/\">\n\t\t\t\t\t\t\t<img decoding=\"async\" width=\"300\" height=\"122\" src=\"http:\/\/nadinejacobi.de\/wordpress\/wp-content\/uploads\/2023\/02\/FibonacciAtmung.gesamt.klein_-300x122.jpg\" class=\"attachment-medium size-medium\" alt=\"\" loading=\"lazy\" srcset=\"http:\/\/nadinejacobi.de\/wordpress\/wp-content\/uploads\/2023\/02\/FibonacciAtmung.gesamt.klein_-300x122.jpg 300w, http:\/\/nadinejacobi.de\/wordpress\/wp-content\/uploads\/2023\/02\/FibonacciAtmung.gesamt.klein_-1024x417.jpg 1024w, http:\/\/nadinejacobi.de\/wordpress\/wp-content\/uploads\/2023\/02\/FibonacciAtmung.gesamt.klein_-768x313.jpg 768w, http:\/\/nadinejacobi.de\/wordpress\/wp-content\/uploads\/2023\/02\/FibonacciAtmung.gesamt.klein_-1536x625.jpg 1536w, http:\/\/nadinejacobi.de\/wordpress\/wp-content\/uploads\/2023\/02\/FibonacciAtmung.gesamt.klein_-2048x833.jpg 2048w\" sizes=\"(max-width: 300px) 100vw, 300px\" \/>\t\t\t\t\t\t\t\t<\/a>\n\t\t\t\t\t\t\t\t\t\t\t<figcaption class=\"widget-image-caption wp-caption-text\">FIBONACCI-Atmung<\/figcaption>\n\t\t\t\t\t\t\t\t\t\t<\/figure>\n\t\t\t\t\t\t\t\t\t<\/div>\n\t\t\t\t<\/div>\n\t\t\t\t\t<\/div>\n\t\t<\/div>\n\t\t\t\t\t\t\t<\/div>\n\t\t<\/section>\n\t\t\t\t\t\t<\/div>\n\t\t\t\t\t<\/div>\n\t\t","protected":false},"excerpt":{"rendered":"<p>Heimatgespr\u00e4che Das Monstr\u00f6se der geistigen Liebe poetische Spazierg\u00e4nge Waiting for Tugends Skalierung eines Strichs \u00dcberlagerungen 7 Tage Gespr\u00e4ch Waiting for Tugends 2 Vier Felder einer Entscheidung Dialoge mit der Natur \u00dcbertragungen In die Obhut der Natur h\u00f6ren FIBONACCI-Atmung<\/p>\n","protected":false},"author":1,"featured_media":0,"parent":0,"menu_order":0,"comment_status":"closed","ping_status":"closed","template":"","meta":[],"_links":{"self":[{"href":"http:\/\/nadinejacobi.de\/wordpress\/wp-json\/wp\/v2\/pages\/28"}],"collection":[{"href":"http:\/\/nadinejacobi.de\/wordpress\/wp-json\/wp\/v2\/pages"}],"about":[{"href":"http:\/\/nadinejacobi.de\/wordpress\/wp-json\/wp\/v2\/types\/page"}],"author":[{"embeddable":true,"href":"http:\/\/nadinejacobi.de\/wordpress\/wp-json\/wp\/v2\/users\/1"}],"replies":[{"embeddable":true,"href":"http:\/\/nadinejacobi.de\/wordpress\/wp-json\/wp\/v2\/comments?post=28"}],"version-history":[{"count":52,"href":"http:\/\/nadinejacobi.de\/wordpress\/wp-json\/wp\/v2\/pages\/28\/revisions"}],"predecessor-version":[{"id":513,"href":"http:\/\/nadinejacobi.de\/wordpress\/wp-json\/wp\/v2\/pages\/28\/revisions\/513"}],"wp:attachment":[{"href":"http:\/\/nadinejacobi.de\/wordpress\/wp-json\/wp\/v2\/media?parent=28"}],"curies":[{"name":"wp","href":"https:\/\/api.w.org\/{rel}","templated":true}]}}