{"id":197,"date":"2021-10-30T16:09:30","date_gmt":"2021-10-30T14:09:30","guid":{"rendered":"http:\/\/nadinejacobi.de\/wordpress\/?page_id=197"},"modified":"2021-10-31T18:22:03","modified_gmt":"2021-10-31T17:22:03","slug":"ueberlagerungen","status":"publish","type":"page","link":"http:\/\/nadinejacobi.de\/wordpress\/arbeiten\/ueberlagerungen\/","title":{"rendered":"\u00dcberlagerungen"},"content":{"rendered":"\t\t<div data-elementor-type=\"wp-page\" data-elementor-id=\"197\" class=\"elementor elementor-197\" data-elementor-settings=\"[]\">\n\t\t\t\t\t\t\t<div class=\"elementor-section-wrap\">\n\t\t\t\t\t\t\t<section class=\"elementor-section elementor-top-section elementor-element elementor-element-380ca61c elementor-section-boxed elementor-section-height-default elementor-section-height-default\" data-id=\"380ca61c\" data-element_type=\"section\">\n\t\t\t\t\t\t<div class=\"elementor-container elementor-column-gap-default\">\n\t\t\t\t\t<div class=\"elementor-column elementor-col-50 elementor-top-column elementor-element elementor-element-7bf13d80\" data-id=\"7bf13d80\" data-element_type=\"column\">\n\t\t\t<div class=\"elementor-widget-wrap elementor-element-populated\">\n\t\t\t\t\t\t\t\t<div class=\"elementor-element elementor-element-6bb3ceb4 elementor-widget elementor-widget-text-editor\" data-id=\"6bb3ceb4\" data-element_type=\"widget\" data-widget_type=\"text-editor.default\">\n\t\t\t\t<div class=\"elementor-widget-container\">\n\t\t\t\t\t\t\t<p><span style=\"font-size: 15px; font-weight: 300;\">2020<\/span><\/p><p><span style=\"font-family: Roboto, sans-serif; font-size: 15px; font-style: normal; font-variant-ligatures: normal; font-variant-caps: normal; font-weight: 300;\">Tesa und das \u00dcbertragen von Informationen<\/span><\/p>\t\t\t\t\t\t<\/div>\n\t\t\t\t<\/div>\n\t\t\t\t<div class=\"elementor-element elementor-element-1468b980 elementor-widget-divider--view-line elementor-widget elementor-widget-divider\" data-id=\"1468b980\" data-element_type=\"widget\" data-widget_type=\"divider.default\">\n\t\t\t\t<div class=\"elementor-widget-container\">\n\t\t\t\t\t<div class=\"elementor-divider\">\n\t\t\t<span class=\"elementor-divider-separator\">\n\t\t\t\t\t\t<\/span>\n\t\t<\/div>\n\t\t\t\t<\/div>\n\t\t\t\t<\/div>\n\t\t\t\t<div class=\"elementor-element elementor-element-7b482ed4 elementor-widget elementor-widget-text-editor\" data-id=\"7b482ed4\" data-element_type=\"widget\" data-widget_type=\"text-editor.default\">\n\t\t\t\t<div class=\"elementor-widget-container\">\n\t\t\t\t\t\t\t<p><\/p>\n<p><span style=\"font-size: 15px; font-weight: 300;\">Ein Weg der Auseinandersetzung mit Zeichnungen &#8211; mit Abbildern &#8211; mit dem \u00dcbertragen von Informationen.<\/span><br><\/p>\n<p>Informationen, Partikel, Fragmente von bereits Notiertem, werden von einem Untergrund auf einen anderen mit dem Klebeband \u00fcbertragen. Sie bleiben die Selben, ver\u00e4ndern sich nicht &#8211; geben nur nicht alle Informationen weiter. Sie werden neu kombiniert, werden \u00fcberlagert, geschichtet, angesetzt und ausgespart. Es entstehen neue Zeichnungen, \u201egefilterte\u201c Abbilder aus zusammengesetzten wiederkehrenden Fragmenten.<\/p>\n<p>.<\/p>\n<p>\u201e\u00dcberlagerung #1\u201c<\/p>\n<p>Grafit und Kohle auf Klebefilm<\/p>\n<p>100 x 150 cm<\/p>\n<div>.<\/div>\n<div>\n<div>\n<p style=\"font-variant-ligatures: normal; font-variant-caps: normal; font-family: Roboto, sans-serif; font-style: normal;\">\u201e\u00dcberlagerung #2\u201c<\/p>\n<p style=\"font-variant-ligatures: normal; font-variant-caps: normal; font-family: Roboto, sans-serif; font-style: normal;\">Grafit und Kohle auf Klebefilm, Aluminiumdraht<\/p>\n<p style=\"font-variant-ligatures: normal; font-variant-caps: normal; font-family: Roboto, sans-serif; font-style: normal;\">77 x 50 cm<\/p>\n<p style=\"font-variant-ligatures: normal; font-variant-caps: normal; font-family: Roboto, sans-serif; font-style: normal;\">.<\/p>\n<p style=\"font-variant-ligatures: normal; font-variant-caps: normal; font-family: Roboto, sans-serif; font-style: normal;\">&#8220;\u00dcberlagerung #3&#8221;<\/p>\n<p style=\"font-variant-ligatures: normal; font-variant-caps: normal; font-family: Roboto, sans-serif; font-style: normal;\">Grafit und Kohle auf Klebefilm<\/p>\n<p style=\"font-variant-ligatures: normal; font-variant-caps: normal; font-family: Roboto, sans-serif; font-style: normal;\">120 x 120 cm<\/p>\n<\/div>\n<\/div>\t\t\t\t\t\t<\/div>\n\t\t\t\t<\/div>\n\t\t\t\t\t<\/div>\n\t\t<\/div>\n\t\t\t\t<div class=\"elementor-column elementor-col-50 elementor-top-column elementor-element elementor-element-4a62d012\" data-id=\"4a62d012\" data-element_type=\"column\">\n\t\t\t<div class=\"elementor-widget-wrap elementor-element-populated\">\n\t\t\t\t\t\t\t\t<div class=\"elementor-element elementor-element-4eeffdc2 elementor-widget elementor-widget-image-gallery\" data-id=\"4eeffdc2\" data-element_type=\"widget\" data-widget_type=\"image-gallery.default\">\n\t\t\t\t<div class=\"elementor-widget-container\">\n\t\t\t\t\t<div class=\"elementor-image-gallery\">\n\t\t\t<div id='gallery-1' class='gallery galleryid-197 gallery-columns-1 gallery-size-medium'><figure class='gallery-item'>\n\t\t\t<div class='gallery-icon landscape'>\n\t\t\t\t<a data-elementor-open-lightbox=\"yes\" data-elementor-lightbox-slideshow=\"4eeffdc2\" data-elementor-lightbox-title=\"IMG_3168\" href='http:\/\/nadinejacobi.de\/wordpress\/wp-content\/uploads\/2021\/10\/IMG_3168.jpg'><img width=\"300\" height=\"210\" src=\"http:\/\/nadinejacobi.de\/wordpress\/wp-content\/uploads\/2021\/10\/IMG_3168-300x210.jpg\" class=\"attachment-medium size-medium\" alt=\"\" decoding=\"async\" loading=\"lazy\" aria-describedby=\"gallery-1-271\" srcset=\"http:\/\/nadinejacobi.de\/wordpress\/wp-content\/uploads\/2021\/10\/IMG_3168-300x210.jpg 300w, http:\/\/nadinejacobi.de\/wordpress\/wp-content\/uploads\/2021\/10\/IMG_3168-1024x716.jpg 1024w, http:\/\/nadinejacobi.de\/wordpress\/wp-content\/uploads\/2021\/10\/IMG_3168-768x537.jpg 768w, http:\/\/nadinejacobi.de\/wordpress\/wp-content\/uploads\/2021\/10\/IMG_3168-1536x1074.jpg 1536w, http:\/\/nadinejacobi.de\/wordpress\/wp-content\/uploads\/2021\/10\/IMG_3168.jpg 1920w\" sizes=\"(max-width: 300px) 100vw, 300px\" \/><\/a>\n\t\t\t<\/div>\n\t\t\t\t<figcaption class='wp-caption-text gallery-caption' id='gallery-1-271'>\n\t\t\t\t\u00dcberlagerung #1\n\t\t\t\t<\/figcaption><\/figure><figure class='gallery-item'>\n\t\t\t<div class='gallery-icon portrait'>\n\t\t\t\t<a data-elementor-open-lightbox=\"yes\" data-elementor-lightbox-slideshow=\"4eeffdc2\" data-elementor-lightbox-title=\"IMG_3313-2\" href='http:\/\/nadinejacobi.de\/wordpress\/wp-content\/uploads\/2021\/10\/IMG_3313-2.jpg'><img width=\"204\" height=\"300\" src=\"http:\/\/nadinejacobi.de\/wordpress\/wp-content\/uploads\/2021\/10\/IMG_3313-2-204x300.jpg\" class=\"attachment-medium size-medium\" alt=\"\" decoding=\"async\" loading=\"lazy\" aria-describedby=\"gallery-1-275\" srcset=\"http:\/\/nadinejacobi.de\/wordpress\/wp-content\/uploads\/2021\/10\/IMG_3313-2-204x300.jpg 204w, http:\/\/nadinejacobi.de\/wordpress\/wp-content\/uploads\/2021\/10\/IMG_3313-2-697x1024.jpg 697w, http:\/\/nadinejacobi.de\/wordpress\/wp-content\/uploads\/2021\/10\/IMG_3313-2-768x1128.jpg 768w, http:\/\/nadinejacobi.de\/wordpress\/wp-content\/uploads\/2021\/10\/IMG_3313-2-1046x1536.jpg 1046w, http:\/\/nadinejacobi.de\/wordpress\/wp-content\/uploads\/2021\/10\/IMG_3313-2.jpg 1080w\" sizes=\"(max-width: 204px) 100vw, 204px\" \/><\/a>\n\t\t\t<\/div>\n\t\t\t\t<figcaption class='wp-caption-text gallery-caption' id='gallery-1-275'>\n\t\t\t\t\u00dcberlagerung #2\n\t\t\t\t<\/figcaption><\/figure><figure class='gallery-item'>\n\t\t\t<div class='gallery-icon landscape'>\n\t\t\t\t<a data-elementor-open-lightbox=\"yes\" data-elementor-lightbox-slideshow=\"4eeffdc2\" data-elementor-lightbox-title=\"IMG_3188\" href='http:\/\/nadinejacobi.de\/wordpress\/wp-content\/uploads\/2021\/10\/IMG_3188.jpg'><img width=\"300\" height=\"218\" src=\"http:\/\/nadinejacobi.de\/wordpress\/wp-content\/uploads\/2021\/10\/IMG_3188-300x218.jpg\" class=\"attachment-medium size-medium\" alt=\"\" decoding=\"async\" loading=\"lazy\" aria-describedby=\"gallery-1-272\" srcset=\"http:\/\/nadinejacobi.de\/wordpress\/wp-content\/uploads\/2021\/10\/IMG_3188-300x218.jpg 300w, http:\/\/nadinejacobi.de\/wordpress\/wp-content\/uploads\/2021\/10\/IMG_3188-1024x743.jpg 1024w, http:\/\/nadinejacobi.de\/wordpress\/wp-content\/uploads\/2021\/10\/IMG_3188-768x557.jpg 768w, http:\/\/nadinejacobi.de\/wordpress\/wp-content\/uploads\/2021\/10\/IMG_3188-1536x1114.jpg 1536w, http:\/\/nadinejacobi.de\/wordpress\/wp-content\/uploads\/2021\/10\/IMG_3188.jpg 1920w\" sizes=\"(max-width: 300px) 100vw, 300px\" \/><\/a>\n\t\t\t<\/div>\n\t\t\t\t<figcaption class='wp-caption-text gallery-caption' id='gallery-1-272'>\n\t\t\t\t\u00dcberlagerung #3\n\t\t\t\t<\/figcaption><\/figure>\n\t\t<\/div>\n\t\t<\/div>\n\t\t\t\t<\/div>\n\t\t\t\t<\/div>\n\t\t\t\t\t<\/div>\n\t\t<\/div>\n\t\t\t\t\t\t\t<\/div>\n\t\t<\/section>\n\t\t\t\t<section class=\"elementor-section elementor-top-section elementor-element elementor-element-20d2dbd1 elementor-section-boxed elementor-section-height-default elementor-section-height-default\" data-id=\"20d2dbd1\" data-element_type=\"section\">\n\t\t\t\t\t\t<div class=\"elementor-container elementor-column-gap-default\">\n\t\t\t\t\t<div class=\"elementor-column elementor-col-100 elementor-top-column elementor-element elementor-element-42c1555f\" data-id=\"42c1555f\" data-element_type=\"column\">\n\t\t\t<div class=\"elementor-widget-wrap elementor-element-populated\">\n\t\t\t\t\t\t\t\t<div class=\"elementor-element elementor-element-7ec0db4e elementor-widget-divider--view-line elementor-widget elementor-widget-divider\" data-id=\"7ec0db4e\" data-element_type=\"widget\" data-widget_type=\"divider.default\">\n\t\t\t\t<div class=\"elementor-widget-container\">\n\t\t\t\t\t<div class=\"elementor-divider\">\n\t\t\t<span class=\"elementor-divider-separator\">\n\t\t\t\t\t\t<\/span>\n\t\t<\/div>\n\t\t\t\t<\/div>\n\t\t\t\t<\/div>\n\t\t\t\t\t<\/div>\n\t\t<\/div>\n\t\t\t\t\t\t\t<\/div>\n\t\t<\/section>\n\t\t\t\t<section class=\"elementor-section elementor-top-section elementor-element elementor-element-6e722bc2 elementor-section-boxed elementor-section-height-default elementor-section-height-default\" data-id=\"6e722bc2\" data-element_type=\"section\">\n\t\t\t\t\t\t<div class=\"elementor-container elementor-column-gap-default\">\n\t\t\t\t\t<div class=\"elementor-column elementor-col-100 elementor-top-column elementor-element elementor-element-c36b2f4\" data-id=\"c36b2f4\" data-element_type=\"column\">\n\t\t\t<div class=\"elementor-widget-wrap elementor-element-populated\">\n\t\t\t\t\t\t\t\t<div class=\"elementor-element elementor-element-62e83453 elementor-widget elementor-widget-button\" data-id=\"62e83453\" data-element_type=\"widget\" data-widget_type=\"button.default\">\n\t\t\t\t<div class=\"elementor-widget-container\">\n\t\t\t\t\t<div class=\"elementor-button-wrapper\">\n\t\t\t<a href=\"#\" class=\"elementor-button-link elementor-button elementor-size-sm\" role=\"button\">\n\t\t\t\t\t\t<span class=\"elementor-button-content-wrapper\">\n\t\t\t\t\t\t<span class=\"elementor-button-text\">Zur\u00fcck zur \u00dcbersicht<\/span>\n\t\t<\/span>\n\t\t\t\t\t<\/a>\n\t\t<\/div>\n\t\t\t\t<\/div>\n\t\t\t\t<\/div>\n\t\t\t\t\t<\/div>\n\t\t<\/div>\n\t\t\t\t\t\t\t<\/div>\n\t\t<\/section>\n\t\t\t\t\t\t<\/div>\n\t\t\t\t\t<\/div>\n\t\t","protected":false},"excerpt":{"rendered":"<p>2020 Tesa und das \u00dcbertragen von Informationen Ein Weg der Auseinandersetzung mit Zeichnungen &#8211; mit Abbildern &#8211; mit dem \u00dcbertragen von Informationen. Informationen, Partikel, Fragmente von bereits Notiertem, werden von einem Untergrund auf einen anderen mit dem Klebeband \u00fcbertragen. Sie<\/p>\n","protected":false},"author":1,"featured_media":0,"parent":28,"menu_order":0,"comment_status":"closed","ping_status":"closed","template":"","meta":[],"_links":{"self":[{"href":"http:\/\/nadinejacobi.de\/wordpress\/wp-json\/wp\/v2\/pages\/197"}],"collection":[{"href":"http:\/\/nadinejacobi.de\/wordpress\/wp-json\/wp\/v2\/pages"}],"about":[{"href":"http:\/\/nadinejacobi.de\/wordpress\/wp-json\/wp\/v2\/types\/page"}],"author":[{"embeddable":true,"href":"http:\/\/nadinejacobi.de\/wordpress\/wp-json\/wp\/v2\/users\/1"}],"replies":[{"embeddable":true,"href":"http:\/\/nadinejacobi.de\/wordpress\/wp-json\/wp\/v2\/comments?post=197"}],"version-history":[{"count":10,"href":"http:\/\/nadinejacobi.de\/wordpress\/wp-json\/wp\/v2\/pages\/197\/revisions"}],"predecessor-version":[{"id":285,"href":"http:\/\/nadinejacobi.de\/wordpress\/wp-json\/wp\/v2\/pages\/197\/revisions\/285"}],"up":[{"embeddable":true,"href":"http:\/\/nadinejacobi.de\/wordpress\/wp-json\/wp\/v2\/pages\/28"}],"wp:attachment":[{"href":"http:\/\/nadinejacobi.de\/wordpress\/wp-json\/wp\/v2\/media?parent=197"}],"curies":[{"name":"wp","href":"https:\/\/api.w.org\/{rel}","templated":true}]}}