{"id":192,"date":"2021-10-30T16:02:28","date_gmt":"2021-10-30T14:02:28","guid":{"rendered":"http:\/\/nadinejacobi.de\/wordpress\/?page_id=192"},"modified":"2021-10-30T22:55:30","modified_gmt":"2021-10-30T20:55:30","slug":"waiting-for-tugends","status":"publish","type":"page","link":"http:\/\/nadinejacobi.de\/wordpress\/arbeiten\/waiting-for-tugends\/","title":{"rendered":"Waiting for Tugends"},"content":{"rendered":"\t\t<div data-elementor-type=\"wp-page\" data-elementor-id=\"192\" class=\"elementor elementor-192\" data-elementor-settings=\"[]\">\n\t\t\t\t\t\t\t<div class=\"elementor-section-wrap\">\n\t\t\t\t\t\t\t<section class=\"elementor-section elementor-top-section elementor-element elementor-element-604fc376 elementor-section-boxed elementor-section-height-default elementor-section-height-default\" data-id=\"604fc376\" data-element_type=\"section\">\n\t\t\t\t\t\t<div class=\"elementor-container elementor-column-gap-default\">\n\t\t\t\t\t<div class=\"elementor-column elementor-col-50 elementor-top-column elementor-element elementor-element-437c5dcf\" data-id=\"437c5dcf\" data-element_type=\"column\">\n\t\t\t<div class=\"elementor-widget-wrap elementor-element-populated\">\n\t\t\t\t\t\t\t\t<div class=\"elementor-element elementor-element-3804df78 elementor-widget elementor-widget-text-editor\" data-id=\"3804df78\" data-element_type=\"widget\" data-widget_type=\"text-editor.default\">\n\t\t\t\t<div class=\"elementor-widget-container\">\n\t\t\t\t\t\t\t<p>\u201eWaiting for Tugends\u201c, 2019<\/p><p>Installation; Holz, Klebefilm, Karton, Graphit und Kohle<\/p><p>ca. 150 x 250\u00a0 x 50 cm<\/p>\t\t\t\t\t\t<\/div>\n\t\t\t\t<\/div>\n\t\t\t\t<div class=\"elementor-element elementor-element-2958527b elementor-widget-divider--view-line elementor-widget elementor-widget-divider\" data-id=\"2958527b\" data-element_type=\"widget\" data-widget_type=\"divider.default\">\n\t\t\t\t<div class=\"elementor-widget-container\">\n\t\t\t\t\t<div class=\"elementor-divider\">\n\t\t\t<span class=\"elementor-divider-separator\">\n\t\t\t\t\t\t<\/span>\n\t\t<\/div>\n\t\t\t\t<\/div>\n\t\t\t\t<\/div>\n\t\t\t\t<div class=\"elementor-element elementor-element-12f3bc16 elementor-widget elementor-widget-text-editor\" data-id=\"12f3bc16\" data-element_type=\"widget\" data-widget_type=\"text-editor.default\">\n\t\t\t\t<div class=\"elementor-widget-container\">\n\t\t\t\t\t\t\t<p>\u00a0<\/p><p>In etwa 10 m Abstand stehe ich vor der Installation. Ich bin im Freien, stehe auf einer ebenen Fl\u00e4che, Wiese und B\u00e4ume umgeben mich. Die ebene Fl\u00e4che ist eine kleine Anh\u00f6he, die eine alte Burg unter sich begraben haben soll. Bein Blick geradeaus betrachtet die Installation zun\u00e4chst mit Abstand. Eine transparente, im Halbkreis nach innen gebogene Wand mit wei\u00dfem Raster, das viele gleichformatige Fenster umrahmt, nehme ich wahr. Ich gehe ein paar Schritte weiter. Jetzt sehe ich wei\u00dfe Fetzen in einigen der Rahmen. Sie wirken wie Wolken. Im Hintergrund und auch noch durch die einzelnen Fenster der Installation hindurch, sehe ich blauen Himmel, B\u00e4ume, Wiese. Die Installation ist also durchscheinend.<\/p><p>Jetzt sehe ich noch weitere Kunstwerke auf diesem Plateau. Eine Holzskulptur, ein riesiges Ei aus Beton vermutlich und Portraitfotografien, die an einer Leine aufgehangen, zwei B\u00e4ume miteinander verbinden.<\/p><p>Ich gehe weiter auf die Installation zu. Was ist das f\u00fcr Material? Glas? Acryl? Ist das \u00fcberhaupt wetterfest?<\/p><p>Jetzt stehe ich direkt vor ihr. Oder stehe ich bereits in der Installation? Wie viel Raum geh\u00f6rt zu ihr?<\/p><p>Ich trete in den Halbkreis hinein, einen halben Meter Abstand zur gerasterten, transparenten, gew\u00f6lbten Wand. Ich sehe die wei\u00dfen Fetzen nun als Papierrester, beschrieben und abgerissen. Ich lese einzelne W\u00f6rter, manchmal Satzfragmente. Spr\u00fcche, Gebote, Gesetze &#8211; zerst\u00fcckelt &#8211; in Fragmente zerlegt. Fragmente, Wortrester, gestapelt, \u00fcberlappend, eine Struktur bildend. Neu zusammengesetzte Gedankenst\u00fccke bleiben bestehen von dem was mich umgibt, als Zeitzeugen f\u00fcr den Moment.<\/p><p>Nun sehe ich mir das Material der Installation genauer an, bewege meinen Kopf dicht an das Raster heran. Plastik ist das. Die Fenster sind aus Klebefilm. Die Rahmen aus wei\u00dfer Pappe. Ein Holzger\u00fcst wird jetzt dahinter sichtbar, an dem die einzelnen Rahmen im Raster befestigt sind. Ich trete nun aus dem Halbkreis heraus, bewege mich zur R\u00fcckseite der Wand. Es ist nicht eindeutig, ob es eine Au\u00dfenseite ist. Soll sie umlaufen werden? Das Holzger\u00fcst ist mit Stricken abgespannt. Jetzt f\u00e4llt mir erst auf, das es windig ist. Die Installation ist wie ein Segel starkem Wind-Widerstand ausgesetzt. Sie wird den Bedingungen vor Ort angepasst. Wie s\u00e4he sie wohl in einem White-Cube aus? Erst jetzt sehe ich neben der Schrift auch Muster, Spuren, Fingerabdr\u00fccke, die der Klebefilm aufgenommen hat. Ich folge einem pl\u00f6tzlichen Instinkt die beschriebenen Fenster zu ber\u00fchren, fahre mit meinem Zeigefinger Zeile f\u00fcr Zeile auf dem Klebefilm ab. Es ist bewegliches Material, erstaunlich widerstandsf\u00e4hig und wirkt doch so empfindlich.<\/p>\t\t\t\t\t\t<\/div>\n\t\t\t\t<\/div>\n\t\t\t\t\t<\/div>\n\t\t<\/div>\n\t\t\t\t<div class=\"elementor-column elementor-col-50 elementor-top-column elementor-element elementor-element-2fdd06b8\" data-id=\"2fdd06b8\" data-element_type=\"column\">\n\t\t\t<div class=\"elementor-widget-wrap elementor-element-populated\">\n\t\t\t\t\t\t\t\t<div class=\"elementor-element elementor-element-10ae59d7 elementor-widget elementor-widget-image-gallery\" data-id=\"10ae59d7\" data-element_type=\"widget\" data-widget_type=\"image-gallery.default\">\n\t\t\t\t<div class=\"elementor-widget-container\">\n\t\t\t\t\t<div class=\"elementor-image-gallery\">\n\t\t\t<div id='gallery-1' class='gallery galleryid-192 gallery-columns-1 gallery-size-medium'><figure class='gallery-item'>\n\t\t\t<div class='gallery-icon landscape'>\n\t\t\t\t<a data-elementor-open-lightbox=\"yes\" data-elementor-lightbox-slideshow=\"10ae59d7\" data-elementor-lightbox-title=\"thumb_20190727_104053_1024\" href='http:\/\/nadinejacobi.de\/wordpress\/wp-content\/uploads\/2021\/10\/thumb_20190727_104053_1024.jpg'><img width=\"300\" height=\"169\" src=\"http:\/\/nadinejacobi.de\/wordpress\/wp-content\/uploads\/2021\/10\/thumb_20190727_104053_1024-300x169.jpg\" class=\"attachment-medium size-medium\" alt=\"\" decoding=\"async\" loading=\"lazy\" srcset=\"http:\/\/nadinejacobi.de\/wordpress\/wp-content\/uploads\/2021\/10\/thumb_20190727_104053_1024-300x169.jpg 300w, http:\/\/nadinejacobi.de\/wordpress\/wp-content\/uploads\/2021\/10\/thumb_20190727_104053_1024-1024x576.jpg 1024w, http:\/\/nadinejacobi.de\/wordpress\/wp-content\/uploads\/2021\/10\/thumb_20190727_104053_1024-768x432.jpg 768w, http:\/\/nadinejacobi.de\/wordpress\/wp-content\/uploads\/2021\/10\/thumb_20190727_104053_1024.jpg 1182w\" sizes=\"(max-width: 300px) 100vw, 300px\" \/><\/a>\n\t\t\t<\/div><\/figure><figure class='gallery-item'>\n\t\t\t<div class='gallery-icon landscape'>\n\t\t\t\t<a data-elementor-open-lightbox=\"yes\" data-elementor-lightbox-slideshow=\"10ae59d7\" data-elementor-lightbox-title=\"thumb_20190727_104133_1024\" href='http:\/\/nadinejacobi.de\/wordpress\/wp-content\/uploads\/2021\/10\/thumb_20190727_104133_1024.jpg'><img width=\"300\" height=\"169\" src=\"http:\/\/nadinejacobi.de\/wordpress\/wp-content\/uploads\/2021\/10\/thumb_20190727_104133_1024-300x169.jpg\" class=\"attachment-medium size-medium\" alt=\"\" decoding=\"async\" loading=\"lazy\" srcset=\"http:\/\/nadinejacobi.de\/wordpress\/wp-content\/uploads\/2021\/10\/thumb_20190727_104133_1024-300x169.jpg 300w, http:\/\/nadinejacobi.de\/wordpress\/wp-content\/uploads\/2021\/10\/thumb_20190727_104133_1024-1024x576.jpg 1024w, http:\/\/nadinejacobi.de\/wordpress\/wp-content\/uploads\/2021\/10\/thumb_20190727_104133_1024-768x432.jpg 768w, http:\/\/nadinejacobi.de\/wordpress\/wp-content\/uploads\/2021\/10\/thumb_20190727_104133_1024.jpg 1182w\" sizes=\"(max-width: 300px) 100vw, 300px\" \/><\/a>\n\t\t\t<\/div><\/figure><figure class='gallery-item'>\n\t\t\t<div class='gallery-icon landscape'>\n\t\t\t\t<a data-elementor-open-lightbox=\"yes\" data-elementor-lightbox-slideshow=\"10ae59d7\" data-elementor-lightbox-title=\"thumb_20190727_104213_1024\" href='http:\/\/nadinejacobi.de\/wordpress\/wp-content\/uploads\/2021\/10\/thumb_20190727_104213_1024.jpg'><img width=\"300\" height=\"169\" src=\"http:\/\/nadinejacobi.de\/wordpress\/wp-content\/uploads\/2021\/10\/thumb_20190727_104213_1024-300x169.jpg\" class=\"attachment-medium size-medium\" alt=\"\" decoding=\"async\" loading=\"lazy\" srcset=\"http:\/\/nadinejacobi.de\/wordpress\/wp-content\/uploads\/2021\/10\/thumb_20190727_104213_1024-300x169.jpg 300w, http:\/\/nadinejacobi.de\/wordpress\/wp-content\/uploads\/2021\/10\/thumb_20190727_104213_1024-1024x576.jpg 1024w, http:\/\/nadinejacobi.de\/wordpress\/wp-content\/uploads\/2021\/10\/thumb_20190727_104213_1024-768x432.jpg 768w, http:\/\/nadinejacobi.de\/wordpress\/wp-content\/uploads\/2021\/10\/thumb_20190727_104213_1024.jpg 1182w\" sizes=\"(max-width: 300px) 100vw, 300px\" \/><\/a>\n\t\t\t<\/div><\/figure><figure class='gallery-item'>\n\t\t\t<div class='gallery-icon landscape'>\n\t\t\t\t<a data-elementor-open-lightbox=\"yes\" data-elementor-lightbox-slideshow=\"10ae59d7\" data-elementor-lightbox-title=\"thumb_20190727_104219_1024\" href='http:\/\/nadinejacobi.de\/wordpress\/wp-content\/uploads\/2021\/10\/thumb_20190727_104219_1024.jpg'><img width=\"300\" height=\"169\" src=\"http:\/\/nadinejacobi.de\/wordpress\/wp-content\/uploads\/2021\/10\/thumb_20190727_104219_1024-300x169.jpg\" class=\"attachment-medium size-medium\" alt=\"\" decoding=\"async\" loading=\"lazy\" srcset=\"http:\/\/nadinejacobi.de\/wordpress\/wp-content\/uploads\/2021\/10\/thumb_20190727_104219_1024-300x169.jpg 300w, http:\/\/nadinejacobi.de\/wordpress\/wp-content\/uploads\/2021\/10\/thumb_20190727_104219_1024-1024x576.jpg 1024w, http:\/\/nadinejacobi.de\/wordpress\/wp-content\/uploads\/2021\/10\/thumb_20190727_104219_1024-768x432.jpg 768w, http:\/\/nadinejacobi.de\/wordpress\/wp-content\/uploads\/2021\/10\/thumb_20190727_104219_1024.jpg 1182w\" sizes=\"(max-width: 300px) 100vw, 300px\" \/><\/a>\n\t\t\t<\/div><\/figure>\n\t\t<\/div>\n\t\t<\/div>\n\t\t\t\t<\/div>\n\t\t\t\t<\/div>\n\t\t\t\t\t<\/div>\n\t\t<\/div>\n\t\t\t\t\t\t\t<\/div>\n\t\t<\/section>\n\t\t\t\t<section class=\"elementor-section elementor-top-section elementor-element elementor-element-3cdb0f8a elementor-section-boxed elementor-section-height-default elementor-section-height-default\" data-id=\"3cdb0f8a\" data-element_type=\"section\">\n\t\t\t\t\t\t<div class=\"elementor-container elementor-column-gap-default\">\n\t\t\t\t\t<div class=\"elementor-column elementor-col-100 elementor-top-column elementor-element elementor-element-5483e7d3\" data-id=\"5483e7d3\" data-element_type=\"column\">\n\t\t\t<div class=\"elementor-widget-wrap elementor-element-populated\">\n\t\t\t\t\t\t\t\t<div class=\"elementor-element elementor-element-32c0d2c1 elementor-widget-divider--view-line elementor-widget elementor-widget-divider\" data-id=\"32c0d2c1\" data-element_type=\"widget\" data-widget_type=\"divider.default\">\n\t\t\t\t<div class=\"elementor-widget-container\">\n\t\t\t\t\t<div class=\"elementor-divider\">\n\t\t\t<span class=\"elementor-divider-separator\">\n\t\t\t\t\t\t<\/span>\n\t\t<\/div>\n\t\t\t\t<\/div>\n\t\t\t\t<\/div>\n\t\t\t\t\t<\/div>\n\t\t<\/div>\n\t\t\t\t\t\t\t<\/div>\n\t\t<\/section>\n\t\t\t\t<section class=\"elementor-section elementor-top-section elementor-element elementor-element-4beae4ab elementor-section-boxed elementor-section-height-default elementor-section-height-default\" data-id=\"4beae4ab\" data-element_type=\"section\">\n\t\t\t\t\t\t<div class=\"elementor-container elementor-column-gap-default\">\n\t\t\t\t\t<div class=\"elementor-column elementor-col-100 elementor-top-column elementor-element elementor-element-30038727\" data-id=\"30038727\" data-element_type=\"column\">\n\t\t\t<div class=\"elementor-widget-wrap elementor-element-populated\">\n\t\t\t\t\t\t\t\t<div class=\"elementor-element elementor-element-80f04db elementor-widget elementor-widget-button\" data-id=\"80f04db\" data-element_type=\"widget\" data-widget_type=\"button.default\">\n\t\t\t\t<div class=\"elementor-widget-container\">\n\t\t\t\t\t<div class=\"elementor-button-wrapper\">\n\t\t\t<a href=\"#\" class=\"elementor-button-link elementor-button elementor-size-sm\" role=\"button\">\n\t\t\t\t\t\t<span class=\"elementor-button-content-wrapper\">\n\t\t\t\t\t\t<span class=\"elementor-button-text\">Zur\u00fcck zur \u00dcbersicht<\/span>\n\t\t<\/span>\n\t\t\t\t\t<\/a>\n\t\t<\/div>\n\t\t\t\t<\/div>\n\t\t\t\t<\/div>\n\t\t\t\t\t<\/div>\n\t\t<\/div>\n\t\t\t\t\t\t\t<\/div>\n\t\t<\/section>\n\t\t\t\t\t\t<\/div>\n\t\t\t\t\t<\/div>\n\t\t","protected":false},"excerpt":{"rendered":"<p>\u201eWaiting for Tugends\u201c, 2019 Installation; Holz, Klebefilm, Karton, Graphit und Kohle ca. 150 x 250\u00a0 x 50 cm \u00a0 In etwa 10 m Abstand stehe ich vor der Installation. Ich bin im Freien, stehe auf einer ebenen Fl\u00e4che, Wiese und<\/p>\n","protected":false},"author":1,"featured_media":0,"parent":28,"menu_order":0,"comment_status":"closed","ping_status":"closed","template":"","meta":[],"_links":{"self":[{"href":"http:\/\/nadinejacobi.de\/wordpress\/wp-json\/wp\/v2\/pages\/192"}],"collection":[{"href":"http:\/\/nadinejacobi.de\/wordpress\/wp-json\/wp\/v2\/pages"}],"about":[{"href":"http:\/\/nadinejacobi.de\/wordpress\/wp-json\/wp\/v2\/types\/page"}],"author":[{"embeddable":true,"href":"http:\/\/nadinejacobi.de\/wordpress\/wp-json\/wp\/v2\/users\/1"}],"replies":[{"embeddable":true,"href":"http:\/\/nadinejacobi.de\/wordpress\/wp-json\/wp\/v2\/comments?post=192"}],"version-history":[{"count":4,"href":"http:\/\/nadinejacobi.de\/wordpress\/wp-json\/wp\/v2\/pages\/192\/revisions"}],"predecessor-version":[{"id":243,"href":"http:\/\/nadinejacobi.de\/wordpress\/wp-json\/wp\/v2\/pages\/192\/revisions\/243"}],"up":[{"embeddable":true,"href":"http:\/\/nadinejacobi.de\/wordpress\/wp-json\/wp\/v2\/pages\/28"}],"wp:attachment":[{"href":"http:\/\/nadinejacobi.de\/wordpress\/wp-json\/wp\/v2\/media?parent=192"}],"curies":[{"name":"wp","href":"https:\/\/api.w.org\/{rel}","templated":true}]}}