{"id":164,"date":"2021-10-30T14:30:13","date_gmt":"2021-10-30T12:30:13","guid":{"rendered":"http:\/\/nadinejacobi.de\/wordpress\/?page_id=164"},"modified":"2023-02-26T16:46:20","modified_gmt":"2023-02-26T15:46:20","slug":"das-monstroese-der-geistigen-liebe","status":"publish","type":"page","link":"http:\/\/nadinejacobi.de\/wordpress\/arbeiten\/das-monstroese-der-geistigen-liebe\/","title":{"rendered":"Das Monstr\u00f6se der geistigen Liebe"},"content":{"rendered":"\t\t<div data-elementor-type=\"wp-page\" data-elementor-id=\"164\" class=\"elementor elementor-164\" data-elementor-settings=\"[]\">\n\t\t\t\t\t\t\t<div class=\"elementor-section-wrap\">\n\t\t\t\t\t\t\t<section class=\"elementor-section elementor-top-section elementor-element elementor-element-e4f886f elementor-section-boxed elementor-section-height-default elementor-section-height-default\" data-id=\"e4f886f\" data-element_type=\"section\">\n\t\t\t\t\t\t<div class=\"elementor-container elementor-column-gap-default\">\n\t\t\t\t\t<div class=\"elementor-column elementor-col-50 elementor-top-column elementor-element elementor-element-df33299\" data-id=\"df33299\" data-element_type=\"column\">\n\t\t\t<div class=\"elementor-widget-wrap elementor-element-populated\">\n\t\t\t\t\t\t\t\t<div class=\"elementor-element elementor-element-9626671 elementor-widget elementor-widget-text-editor\" data-id=\"9626671\" data-element_type=\"widget\" data-widget_type=\"text-editor.default\">\n\t\t\t\t<div class=\"elementor-widget-container\">\n\t\t\t\t\t\t\t<p style=\"margin-bottom: 0px; font-style: normal; font-variant-caps: normal; font-stretch: normal; font-size: 11px; line-height: normal; font-family: 'Helvetica Light';\">\u201eDas Monstr\u00f6se der geistigen Liebe\u201c, 2018<\/p><p style=\"margin-bottom: 0px; font-style: normal; font-variant-caps: normal; font-stretch: normal; font-size: 11px; line-height: normal; font-family: 'Helvetica Light';\">Nadine Jacobi, Claudia Rieck<\/p><p style=\"margin-bottom: 0px; font-style: normal; font-variant-caps: normal; font-stretch: normal; font-size: 11px; line-height: normal; font-family: 'Helvetica Light';\">Rauminstallation, Federn, PVC-Folie, Plylux, Text: Plathon \u201eSymposion\u201c<\/p><div>\u00a0<\/div>\t\t\t\t\t\t<\/div>\n\t\t\t\t<\/div>\n\t\t\t\t<div class=\"elementor-element elementor-element-67b4c14 elementor-widget-divider--view-line elementor-widget elementor-widget-divider\" data-id=\"67b4c14\" data-element_type=\"widget\" data-widget_type=\"divider.default\">\n\t\t\t\t<div class=\"elementor-widget-container\">\n\t\t\t\t\t<div class=\"elementor-divider\">\n\t\t\t<span class=\"elementor-divider-separator\">\n\t\t\t\t\t\t<\/span>\n\t\t<\/div>\n\t\t\t\t<\/div>\n\t\t\t\t<\/div>\n\t\t\t\t<div class=\"elementor-element elementor-element-7eb2f03 elementor-widget elementor-widget-text-editor\" data-id=\"7eb2f03\" data-element_type=\"widget\" data-widget_type=\"text-editor.default\">\n\t\t\t\t<div class=\"elementor-widget-container\">\n\t\t\t\t\t\t\t<p>\u00a0<\/p><p style=\"margin-bottom: 0px; font-style: normal; font-variant-caps: normal; font-stretch: normal; font-size: 11px; line-height: normal; font-family: 'Helvetica Light';\">Im Rahmen des Theaterst\u00fccks \u201eRoomantic\u201c enstand im Juli 2018 diese Installation.\u00a0<\/p><p style=\"margin-bottom: 0px; font-style: normal; font-variant-caps: normal; font-stretch: normal; font-size: 11px; line-height: normal; font-family: 'Helvetica Light'; min-height: 13px;\">\u00a0<\/p><p style=\"margin-bottom: 0px; font-style: normal; font-variant-caps: normal; font-stretch: normal; font-size: 11px; line-height: normal; font-family: 'Helvetica Light';\">Die Liebe zum Sch\u00f6nen beginnt in der Begierde zu einem K\u00f6rper. Ihm wird mit sch\u00f6nen Worten in der Dichtkunst gehuldigt, in allen K\u00fcnsten wird er als Muse f\u00fcr einen Schaffensprozess aus ihr heraus kommuniziert.<\/p><p style=\"margin-bottom: 0px; font-style: normal; font-variant-caps: normal; font-stretch: normal; font-size: 11px; line-height: normal; font-family: 'Helvetica Light';\">Gehen wir weiter im Betrachten des Sch\u00f6nen, erkennen wir dies auch in der Seele, im Geiste, in der Wissenschaft, in der Natur und sogar im H\u00e4sslichen. Sind wir mit Liebe gef\u00fcllt, wird das Harte weich, das H\u00e4ssliche sch\u00f6n, das Schwere leicht. Gegens\u00e4tze werden fruchtbar, lassen uns das Gemeinsame entdecken und f\u00fchren zum Erkennen, f\u00fcllen uns geistig an, lassen uns weiter gehen und vom Besitzwunsch abkommen. Ja sogar das Sch\u00f6ne im Verg\u00e4nglichen begreifen wir und richten unseren Blick auf den h\u00f6heren, andauernden Wert von Sch\u00f6nheit.<\/p><p style=\"margin-bottom: 0px; font-style: normal; font-variant-caps: normal; font-stretch: normal; font-size: 11px; line-height: normal; font-family: 'Helvetica Light';\">In unserem Diskurs \u00fcber Sch\u00f6nheit, Liebe und das Monstrum im Raum (eine Filteranlage des ehemaligen Schlachthofes) stiessen wir auf Platons Schrift \u201eSymposion\u201c, welche von der Zusammenkunft eines ausgew\u00e4hlten Philosophenkreises berichtet. Die Philosophen einigten sich, dass jeder eine Lobrede auf den Eros &#8211; den Gott der Liebe &#8211; halten m\u00f6ge. So erhalten wir vielseitige Blickwinkel auf die Liebe, das Verh\u00e4ltnis von Liebenden und Geliebten bis hin zur Feststellung, dass wir \u00fcber die ausg\u00e4ngliche Begierde zu einem K\u00f6rper den Weg zur Erkenntnis des wahrhaft Sch\u00f6nen an sich erlaufen k\u00f6nnen.<\/p><p style=\"margin-bottom: 0px; font-style: normal; font-variant-caps: normal; font-stretch: normal; font-size: 11px; line-height: normal; font-family: 'Helvetica Light'; min-height: 13px;\">\u00a0<\/p><p style=\"margin-bottom: 0px; font-style: normal; font-variant-caps: normal; font-stretch: normal; font-size: 11px; line-height: normal; font-family: 'Helvetica Light';\">Diese Schrift gilt als erste metaphysische Abhandlung zum Thema Liebe. Ihre Dialogform haben wir uns in der Besch\u00e4ftigung mit dem Raum angenommen und sind eine Strecke auf dem Weg zum wahrhaft Sch\u00f6nen gemeinsam gegangen.<\/p>\t\t\t\t\t\t<\/div>\n\t\t\t\t<\/div>\n\t\t\t\t<div class=\"elementor-element elementor-element-7982b8f elementor-widget elementor-widget-image\" data-id=\"7982b8f\" data-element_type=\"widget\" data-widget_type=\"image.default\">\n\t\t\t\t<div class=\"elementor-widget-container\">\n\t\t\t\t\t\t\t\t\t\t\t\t\t\t\t<img decoding=\"async\" width=\"710\" height=\"530\" src=\"http:\/\/nadinejacobi.de\/wordpress\/wp-content\/uploads\/2021\/10\/IMG_0834-1024x765.jpg\" class=\"attachment-large size-large\" alt=\"\" loading=\"lazy\" srcset=\"http:\/\/nadinejacobi.de\/wordpress\/wp-content\/uploads\/2021\/10\/IMG_0834-1024x765.jpg 1024w, http:\/\/nadinejacobi.de\/wordpress\/wp-content\/uploads\/2021\/10\/IMG_0834-300x224.jpg 300w, http:\/\/nadinejacobi.de\/wordpress\/wp-content\/uploads\/2021\/10\/IMG_0834-768x574.jpg 768w, http:\/\/nadinejacobi.de\/wordpress\/wp-content\/uploads\/2021\/10\/IMG_0834-1536x1147.jpg 1536w, http:\/\/nadinejacobi.de\/wordpress\/wp-content\/uploads\/2021\/10\/IMG_0834-2048x1530.jpg 2048w\" sizes=\"(max-width: 710px) 100vw, 710px\" \/>\t\t\t\t\t\t\t\t\t\t\t\t\t\t\t<\/div>\n\t\t\t\t<\/div>\n\t\t\t\t\t<\/div>\n\t\t<\/div>\n\t\t\t\t<div class=\"elementor-column elementor-col-50 elementor-top-column elementor-element elementor-element-bc180b0\" data-id=\"bc180b0\" data-element_type=\"column\">\n\t\t\t<div class=\"elementor-widget-wrap elementor-element-populated\">\n\t\t\t\t\t\t\t\t<div class=\"elementor-element elementor-element-26620cc elementor-widget elementor-widget-image-gallery\" data-id=\"26620cc\" data-element_type=\"widget\" data-widget_type=\"image-gallery.default\">\n\t\t\t\t<div class=\"elementor-widget-container\">\n\t\t\t\t\t<div class=\"elementor-image-gallery\">\n\t\t\t<div id='gallery-1' class='gallery galleryid-164 gallery-columns-1 gallery-size-medium'><figure class='gallery-item'>\n\t\t\t<div class='gallery-icon landscape'>\n\t\t\t\t<a data-elementor-open-lightbox=\"yes\" data-elementor-lightbox-slideshow=\"26620cc\" data-elementor-lightbox-title=\"IMG_0235\" href='http:\/\/nadinejacobi.de\/wordpress\/wp-content\/uploads\/2021\/10\/IMG_0235-scaled.jpg'><img width=\"300\" height=\"200\" src=\"http:\/\/nadinejacobi.de\/wordpress\/wp-content\/uploads\/2021\/10\/IMG_0235-300x200.jpg\" class=\"attachment-medium size-medium\" alt=\"\" decoding=\"async\" loading=\"lazy\" aria-describedby=\"gallery-1-169\" srcset=\"http:\/\/nadinejacobi.de\/wordpress\/wp-content\/uploads\/2021\/10\/IMG_0235-300x200.jpg 300w, http:\/\/nadinejacobi.de\/wordpress\/wp-content\/uploads\/2021\/10\/IMG_0235-1024x683.jpg 1024w, http:\/\/nadinejacobi.de\/wordpress\/wp-content\/uploads\/2021\/10\/IMG_0235-768x512.jpg 768w, http:\/\/nadinejacobi.de\/wordpress\/wp-content\/uploads\/2021\/10\/IMG_0235-1536x1024.jpg 1536w, http:\/\/nadinejacobi.de\/wordpress\/wp-content\/uploads\/2021\/10\/IMG_0235-2048x1365.jpg 2048w\" sizes=\"(max-width: 300px) 100vw, 300px\" \/><\/a>\n\t\t\t<\/div>\n\t\t\t\t<figcaption class='wp-caption-text gallery-caption' id='gallery-1-169'>\n\t\t\t\tAusstellungsansicht Kulturschlachthof Jena\n\t\t\t\t<\/figcaption><\/figure><figure class='gallery-item'>\n\t\t\t<div class='gallery-icon landscape'>\n\t\t\t\t<a data-elementor-open-lightbox=\"yes\" data-elementor-lightbox-slideshow=\"26620cc\" data-elementor-lightbox-title=\"IMG_0229\" href='http:\/\/nadinejacobi.de\/wordpress\/wp-content\/uploads\/2021\/10\/IMG_0229-scaled.jpg'><img width=\"300\" height=\"200\" src=\"http:\/\/nadinejacobi.de\/wordpress\/wp-content\/uploads\/2021\/10\/IMG_0229-300x200.jpg\" class=\"attachment-medium size-medium\" alt=\"\" decoding=\"async\" loading=\"lazy\" aria-describedby=\"gallery-1-168\" srcset=\"http:\/\/nadinejacobi.de\/wordpress\/wp-content\/uploads\/2021\/10\/IMG_0229-300x200.jpg 300w, http:\/\/nadinejacobi.de\/wordpress\/wp-content\/uploads\/2021\/10\/IMG_0229-1024x683.jpg 1024w, http:\/\/nadinejacobi.de\/wordpress\/wp-content\/uploads\/2021\/10\/IMG_0229-768x512.jpg 768w, http:\/\/nadinejacobi.de\/wordpress\/wp-content\/uploads\/2021\/10\/IMG_0229-1536x1024.jpg 1536w, http:\/\/nadinejacobi.de\/wordpress\/wp-content\/uploads\/2021\/10\/IMG_0229-2048x1365.jpg 2048w\" sizes=\"(max-width: 300px) 100vw, 300px\" \/><\/a>\n\t\t\t<\/div>\n\t\t\t\t<figcaption class='wp-caption-text gallery-caption' id='gallery-1-168'>\n\t\t\t\tAusstellungsansicht Kulturschlachthof Jena\n\t\t\t\t<\/figcaption><\/figure><figure class='gallery-item'>\n\t\t\t<div class='gallery-icon landscape'>\n\t\t\t\t<a data-elementor-open-lightbox=\"yes\" data-elementor-lightbox-slideshow=\"26620cc\" data-elementor-lightbox-title=\"IMG_0227\" href='http:\/\/nadinejacobi.de\/wordpress\/wp-content\/uploads\/2021\/10\/IMG_0227-scaled.jpg'><img width=\"300\" height=\"200\" src=\"http:\/\/nadinejacobi.de\/wordpress\/wp-content\/uploads\/2021\/10\/IMG_0227-300x200.jpg\" class=\"attachment-medium size-medium\" alt=\"\" decoding=\"async\" loading=\"lazy\" aria-describedby=\"gallery-1-167\" srcset=\"http:\/\/nadinejacobi.de\/wordpress\/wp-content\/uploads\/2021\/10\/IMG_0227-300x200.jpg 300w, http:\/\/nadinejacobi.de\/wordpress\/wp-content\/uploads\/2021\/10\/IMG_0227-1024x683.jpg 1024w, http:\/\/nadinejacobi.de\/wordpress\/wp-content\/uploads\/2021\/10\/IMG_0227-768x512.jpg 768w, http:\/\/nadinejacobi.de\/wordpress\/wp-content\/uploads\/2021\/10\/IMG_0227-1536x1024.jpg 1536w, http:\/\/nadinejacobi.de\/wordpress\/wp-content\/uploads\/2021\/10\/IMG_0227-2048x1365.jpg 2048w\" sizes=\"(max-width: 300px) 100vw, 300px\" \/><\/a>\n\t\t\t<\/div>\n\t\t\t\t<figcaption class='wp-caption-text gallery-caption' id='gallery-1-167'>\n\t\t\t\tAusstellungsansicht Kulturschlachthof Jena\n\t\t\t\t<\/figcaption><\/figure>\n\t\t<\/div>\n\t\t<\/div>\n\t\t\t\t<\/div>\n\t\t\t\t<\/div>\n\t\t\t\t\t<\/div>\n\t\t<\/div>\n\t\t\t\t\t\t\t<\/div>\n\t\t<\/section>\n\t\t\t\t<section class=\"elementor-section elementor-top-section elementor-element elementor-element-00f13f9 elementor-section-boxed elementor-section-height-default elementor-section-height-default\" data-id=\"00f13f9\" data-element_type=\"section\">\n\t\t\t\t\t\t<div class=\"elementor-container elementor-column-gap-default\">\n\t\t\t\t\t<div class=\"elementor-column elementor-col-100 elementor-top-column elementor-element elementor-element-af95391\" data-id=\"af95391\" data-element_type=\"column\">\n\t\t\t<div class=\"elementor-widget-wrap elementor-element-populated\">\n\t\t\t\t\t\t\t\t<div class=\"elementor-element elementor-element-583c11e elementor-widget-divider--view-line elementor-widget elementor-widget-divider\" data-id=\"583c11e\" data-element_type=\"widget\" data-widget_type=\"divider.default\">\n\t\t\t\t<div class=\"elementor-widget-container\">\n\t\t\t\t\t<div class=\"elementor-divider\">\n\t\t\t<span class=\"elementor-divider-separator\">\n\t\t\t\t\t\t<\/span>\n\t\t<\/div>\n\t\t\t\t<\/div>\n\t\t\t\t<\/div>\n\t\t\t\t\t<\/div>\n\t\t<\/div>\n\t\t\t\t\t\t\t<\/div>\n\t\t<\/section>\n\t\t\t\t<section class=\"elementor-section elementor-top-section elementor-element elementor-element-951d88c elementor-section-boxed elementor-section-height-default elementor-section-height-default\" data-id=\"951d88c\" data-element_type=\"section\">\n\t\t\t\t\t\t<div class=\"elementor-container elementor-column-gap-default\">\n\t\t\t\t\t<div class=\"elementor-column elementor-col-100 elementor-top-column elementor-element elementor-element-c089f21\" data-id=\"c089f21\" data-element_type=\"column\">\n\t\t\t<div class=\"elementor-widget-wrap elementor-element-populated\">\n\t\t\t\t\t\t\t\t<div class=\"elementor-element elementor-element-dc01f11 elementor-widget elementor-widget-button\" data-id=\"dc01f11\" data-element_type=\"widget\" data-widget_type=\"button.default\">\n\t\t\t\t<div class=\"elementor-widget-container\">\n\t\t\t\t\t<div class=\"elementor-button-wrapper\">\n\t\t\t<a href=\"#\" class=\"elementor-button-link elementor-button elementor-size-sm\" role=\"button\">\n\t\t\t\t\t\t<span class=\"elementor-button-content-wrapper\">\n\t\t\t\t\t\t<span class=\"elementor-button-text\">Zur\u00fcck zur \u00dcbersicht<\/span>\n\t\t<\/span>\n\t\t\t\t\t<\/a>\n\t\t<\/div>\n\t\t\t\t<\/div>\n\t\t\t\t<\/div>\n\t\t\t\t\t<\/div>\n\t\t<\/div>\n\t\t\t\t\t\t\t<\/div>\n\t\t<\/section>\n\t\t\t\t\t\t<\/div>\n\t\t\t\t\t<\/div>\n\t\t","protected":false},"excerpt":{"rendered":"<p>\u201eDas Monstr\u00f6se der geistigen Liebe\u201c, 2018 Nadine Jacobi, Claudia Rieck Rauminstallation, Federn, PVC-Folie, Plylux, Text: Plathon \u201eSymposion\u201c Im Rahmen des Theaterst\u00fccks \u201eRoomantic\u201c enstand im Juli 2018 diese Installation. Die Liebe zum Sch\u00f6nen beginnt in der Begierde zu einem K\u00f6rper. Ihm<\/p>\n","protected":false},"author":1,"featured_media":0,"parent":28,"menu_order":0,"comment_status":"closed","ping_status":"closed","template":"","meta":[],"_links":{"self":[{"href":"http:\/\/nadinejacobi.de\/wordpress\/wp-json\/wp\/v2\/pages\/164"}],"collection":[{"href":"http:\/\/nadinejacobi.de\/wordpress\/wp-json\/wp\/v2\/pages"}],"about":[{"href":"http:\/\/nadinejacobi.de\/wordpress\/wp-json\/wp\/v2\/types\/page"}],"author":[{"embeddable":true,"href":"http:\/\/nadinejacobi.de\/wordpress\/wp-json\/wp\/v2\/users\/1"}],"replies":[{"embeddable":true,"href":"http:\/\/nadinejacobi.de\/wordpress\/wp-json\/wp\/v2\/comments?post=164"}],"version-history":[{"count":31,"href":"http:\/\/nadinejacobi.de\/wordpress\/wp-json\/wp\/v2\/pages\/164\/revisions"}],"predecessor-version":[{"id":549,"href":"http:\/\/nadinejacobi.de\/wordpress\/wp-json\/wp\/v2\/pages\/164\/revisions\/549"}],"up":[{"embeddable":true,"href":"http:\/\/nadinejacobi.de\/wordpress\/wp-json\/wp\/v2\/pages\/28"}],"wp:attachment":[{"href":"http:\/\/nadinejacobi.de\/wordpress\/wp-json\/wp\/v2\/media?parent=164"}],"curies":[{"name":"wp","href":"https:\/\/api.w.org\/{rel}","templated":true}]}}